{"id":2908,"date":"2020-11-03T10:52:25","date_gmt":"2020-12-11T11:15:16","guid":{"rendered":"http:\/\/rayt.com\/?post_type=product&#038;p=2908"},"modified":"2021-02-18T11:13:27","modified_gmt":"2021-02-18T11:13:27","slug":"g-662-plus","status":"publish","type":"product","link":"https:\/\/rayt.com\/ca\/producto\/g-662-plus\/","title":{"rendered":"G-662 PLUS"},"content":{"rendered":"<p>HOT-MELT R\u00c0PID DE COLOR CLAR I ALT RENDIMENT PER A FORMACI\u00d3 I TANCAT DE CAIXES.<br \/>\nAdhesiu indicat per al format i tancat de caixes de cartr\u00f3 en m\u00e0quines autom\u00e0tiques. Molt adequat per a aplicacions on es precisi un adhesiu de baixa viscositat.<\/p>\n<h4>CARACTER\u00cdSTIQUES<\/h4>\n<p>Tancat i\/o formaci\u00f3 de caixes de cartr\u00f3 en m\u00e0quines autom\u00e0tiques.<br \/>\nBaixa viscositat , bon color i estabilitat t\u00e8rmica millorada.<br \/>\nTanmateix estoigs o altres aplicacions d&#8217;embalatge.<br \/>\nTemperatura d&#8217;aplicaci\u00f3: 160-180\u00baC.<br \/>\nCompleix amb FDA 175.105 per a contacte indirecte amb aliments.<\/p>\n","protected":false},"excerpt":{"rendered":"<p>HOT-MELT R\u00c0PID DE COLOR CLAR I ALT RENDIMENT PER A<\/p>\n","protected":false},"featured_media":2888,"comment_status":"open","ping_status":"closed","template":"","meta":{"_acf_changed":false},"product_cat":[1011,1089,976,979,654,675,651,745,997,678,657,681,1281,1288,1666,1705,1764,1780,600,973,1008,1786,1014],"product_tag":[],"acf":[],"_links":{"self":[{"href":"https:\/\/rayt.com\/ca\/wp-json\/wp\/v2\/product\/2908"}],"collection":[{"href":"https:\/\/rayt.com\/ca\/wp-json\/wp\/v2\/product"}],"about":[{"href":"https:\/\/rayt.com\/ca\/wp-json\/wp\/v2\/types\/product"}],"replies":[{"embeddable":true,"href":"https:\/\/rayt.com\/ca\/wp-json\/wp\/v2\/comments?post=2908"}],"wp:featuredmedia":[{"embeddable":true,"href":"https:\/\/rayt.com\/ca\/wp-json\/wp\/v2\/media\/2888"}],"wp:attachment":[{"href":"https:\/\/rayt.com\/ca\/wp-json\/wp\/v2\/media?parent=2908"}],"wp:term":[{"taxonomy":"product_cat","embeddable":true,"href":"https:\/\/rayt.com\/ca\/wp-json\/wp\/v2\/product_cat?post=2908"},{"taxonomy":"product_tag","embeddable":true,"href":"https:\/\/rayt.com\/ca\/wp-json\/wp\/v2\/product_tag?post=2908"}],"curies":[{"name":"wp","href":"https:\/\/api.w.org\/{rel}","templated":true}]}}