{"id":2929,"date":"2020-11-03T11:03:59","date_gmt":"2020-12-14T07:41:56","guid":{"rendered":"http:\/\/rayt.com\/?post_type=product&#038;p=2929"},"modified":"2021-02-19T15:37:08","modified_gmt":"2021-02-19T15:37:08","slug":"g-6650-future","status":"publish","type":"product","link":"https:\/\/rayt.com\/ca\/producto\/g-6650-future\/","title":{"rendered":"G-6650 FUTURE"},"content":{"rendered":"<p>HOT-MELT CLAR D&#8217;ALT RENDIMENT PER A FORMACI\u00d3 I TANCAT DE CAIXES.<br \/>\nAdhesiu per al tancat i format de caixes de cartr\u00f3 en m\u00e0quines autom\u00e0tiques. Adequat per estoigs i format de caixes &#8220;wrap-around&#8221;.<\/p>\n<h4>CARACTER\u00cdSTIQUES<\/h4>\n<p>Tancat i formaci\u00f3 de caixes de cartr\u00f3 en m\u00e0quines autom\u00e0tiques.<br \/>\nTemperatura d&#8217;aplicaci\u00f3: 160-180\u00baC.<br \/>\nExcel\u00b7lent estabilitat t\u00e8rmica.<br \/>\nMolt baix nivell d&#8217;olor.<br \/>\nEstoigs.<br \/>\nCompleix amb FDA 175.105 per a contacte indirecte amb aliments.<\/p>\n","protected":false},"excerpt":{"rendered":"<p>HOT-MELT CLAR D&#8217;ALT RENDIMENT PER A FORMACI\u00d3 I TANCAT DE<\/p>\n","protected":false},"featured_media":2882,"comment_status":"open","ping_status":"closed","template":"","meta":{"_acf_changed":false},"product_cat":[1011,1089,976,979,1652,660,654,675,651,663,745,997,989,678,666,669,672,657,681,1764,1705,1767,1281,1288,1587,1608,1610,1612,1617,1619,1666,600,973,1008,1786,988,1014],"product_tag":[],"acf":[],"_links":{"self":[{"href":"https:\/\/rayt.com\/ca\/wp-json\/wp\/v2\/product\/2929"}],"collection":[{"href":"https:\/\/rayt.com\/ca\/wp-json\/wp\/v2\/product"}],"about":[{"href":"https:\/\/rayt.com\/ca\/wp-json\/wp\/v2\/types\/product"}],"replies":[{"embeddable":true,"href":"https:\/\/rayt.com\/ca\/wp-json\/wp\/v2\/comments?post=2929"}],"wp:featuredmedia":[{"embeddable":true,"href":"https:\/\/rayt.com\/ca\/wp-json\/wp\/v2\/media\/2882"}],"wp:attachment":[{"href":"https:\/\/rayt.com\/ca\/wp-json\/wp\/v2\/media?parent=2929"}],"wp:term":[{"taxonomy":"product_cat","embeddable":true,"href":"https:\/\/rayt.com\/ca\/wp-json\/wp\/v2\/product_cat?post=2929"},{"taxonomy":"product_tag","embeddable":true,"href":"https:\/\/rayt.com\/ca\/wp-json\/wp\/v2\/product_tag?post=2929"}],"curies":[{"name":"wp","href":"https:\/\/api.w.org\/{rel}","templated":true}]}}