{"id":2933,"date":"2020-11-03T11:05:33","date_gmt":"2020-12-14T07:50:37","guid":{"rendered":"http:\/\/rayt.com\/?post_type=product&#038;p=2933"},"modified":"2021-02-19T15:34:29","modified_gmt":"2021-02-19T15:34:29","slug":"g-6650-l-future","status":"publish","type":"product","link":"https:\/\/rayt.com\/ca\/producto\/g-6650-l-future\/","title":{"rendered":"G-6650-L FUTURE"},"content":{"rendered":"<p>HOT-MELT CLAR DE TEMPS OBERT LLARG I D&#8217;ALT RENDIMENT PER A FORMACI\u00d3 I TANCAT DE CAIXES.<br \/>\nAdhesiu per al tancat i format de caixes de cartr\u00f3 en m\u00e0quines autom\u00e0tiques amb materials dif\u00edcils i a velocitat lenta o mitjana.<\/p>\n<h4>CARACTER\u00cdSTIQUES<\/h4>\n<p>Tancat i formaci\u00f3 de caixes de cartr\u00f3 en m\u00e0quines autom\u00e0tiques.<br \/>\nTemperatura d&#8217;aplicaci\u00f3: 160-180\u00baC.<br \/>\nExcel\u00b7lent estabilitat t\u00e8rmica.<br \/>\nMolt baix nivell d&#8217;olor.<br \/>\nEstoigs.<br \/>\nCompleix amb FDA 175.105 per a contacte indirecte amb aliments.<\/p>\n","protected":false},"excerpt":{"rendered":"<p>HOT-MELT CLAR DE TEMPS OBERT LLARG I D&#8217;ALT RENDIMENT PER<\/p>\n","protected":false},"featured_media":2882,"comment_status":"open","ping_status":"closed","template":"","meta":{"_acf_changed":false},"product_cat":[1011,1089,976,979,654,675,651,745,997,678,657,681,1780,1764,1281,1288,1587,1617,1619,1666,1705,600,973,1008,1786,1014],"product_tag":[],"acf":[],"_links":{"self":[{"href":"https:\/\/rayt.com\/ca\/wp-json\/wp\/v2\/product\/2933"}],"collection":[{"href":"https:\/\/rayt.com\/ca\/wp-json\/wp\/v2\/product"}],"about":[{"href":"https:\/\/rayt.com\/ca\/wp-json\/wp\/v2\/types\/product"}],"replies":[{"embeddable":true,"href":"https:\/\/rayt.com\/ca\/wp-json\/wp\/v2\/comments?post=2933"}],"wp:featuredmedia":[{"embeddable":true,"href":"https:\/\/rayt.com\/ca\/wp-json\/wp\/v2\/media\/2882"}],"wp:attachment":[{"href":"https:\/\/rayt.com\/ca\/wp-json\/wp\/v2\/media?parent=2933"}],"wp:term":[{"taxonomy":"product_cat","embeddable":true,"href":"https:\/\/rayt.com\/ca\/wp-json\/wp\/v2\/product_cat?post=2933"},{"taxonomy":"product_tag","embeddable":true,"href":"https:\/\/rayt.com\/ca\/wp-json\/wp\/v2\/product_tag?post=2933"}],"curies":[{"name":"wp","href":"https:\/\/api.w.org\/{rel}","templated":true}]}}