{"id":2937,"date":"2020-11-03T11:08:28","date_gmt":"2020-12-14T08:01:57","guid":{"rendered":"http:\/\/rayt.com\/?post_type=product&#038;p=2937"},"modified":"2021-02-19T15:38:00","modified_gmt":"2021-02-19T15:38:00","slug":"g-6657","status":"publish","type":"product","link":"https:\/\/rayt.com\/ca\/producto\/g-6657\/","title":{"rendered":"G-6657"},"content":{"rendered":"<p>HOT-MELT R\u00c0PID PER FORMACI\u00d3 I TANCAT DE CAIXES.<br \/>\nAdhesiu termofusible indicat per a la formaci\u00f3 i tancat de caixes de cartr\u00f3 en m\u00e0quines autom\u00e0tiques, formaci\u00f3 de safates i caixes wrap-around o envoltants.<\/p>\n<h4>CARACTER\u00cdSTIQUES<\/h4>\n<p>Usar tot l&#8217;any en condicions ambientals no extremes.<br \/>\nBona resist\u00e8ncia a el calor i al fred.<br \/>\nTemperatura d&#8217;aplicaci\u00f3: 150-180\u00baC.<br \/>\nHot-melt r\u00e0pid per a \u00fas general.<br \/>\nTemps de fraguat curt-mig.<br \/>\nCompleix amb FDA 175.105 per a contacte indirecte amb aliments.<\/p>\n","protected":false},"excerpt":{"rendered":"<p>HOT-MELT R\u00c0PID PER FORMACI\u00d3 I TANCAT DE CAIXES. Adhesiu termofusible<\/p>\n","protected":false},"featured_media":2833,"comment_status":"open","ping_status":"closed","template":"","meta":{"_acf_changed":false},"product_cat":[1011,1089,976,979,660,654,675,651,663,745,997,989,678,666,669,898,672,657,681,1705,1764,1666,1767,1619,1281,1288,1587,1600,1608,1610,1612,1614,1617,600,755,973,1008,1786,988,1014,904],"product_tag":[],"acf":[],"_links":{"self":[{"href":"https:\/\/rayt.com\/ca\/wp-json\/wp\/v2\/product\/2937"}],"collection":[{"href":"https:\/\/rayt.com\/ca\/wp-json\/wp\/v2\/product"}],"about":[{"href":"https:\/\/rayt.com\/ca\/wp-json\/wp\/v2\/types\/product"}],"replies":[{"embeddable":true,"href":"https:\/\/rayt.com\/ca\/wp-json\/wp\/v2\/comments?post=2937"}],"wp:featuredmedia":[{"embeddable":true,"href":"https:\/\/rayt.com\/ca\/wp-json\/wp\/v2\/media\/2833"}],"wp:attachment":[{"href":"https:\/\/rayt.com\/ca\/wp-json\/wp\/v2\/media?parent=2937"}],"wp:term":[{"taxonomy":"product_cat","embeddable":true,"href":"https:\/\/rayt.com\/ca\/wp-json\/wp\/v2\/product_cat?post=2937"},{"taxonomy":"product_tag","embeddable":true,"href":"https:\/\/rayt.com\/ca\/wp-json\/wp\/v2\/product_tag?post=2937"}],"curies":[{"name":"wp","href":"https:\/\/api.w.org\/{rel}","templated":true}]}}