{"id":2942,"date":"2020-11-03T11:09:58","date_gmt":"2020-12-14T08:10:35","guid":{"rendered":"http:\/\/rayt.com\/?post_type=product&#038;p=2942"},"modified":"2021-02-18T11:27:10","modified_gmt":"2021-02-18T11:27:10","slug":"g-6657-rr","status":"publish","type":"product","link":"https:\/\/rayt.com\/ca\/producto\/g-6657-rr\/","title":{"rendered":"G-6657-RR"},"content":{"rendered":"<p>HOT-MELT MOLT R\u00c0PID PER FORMACI\u00d3 I TANCAT DE CAIXES EN AMBIENTS CALOROSOS.<br \/>\nAdhesiu per al format i tancat de caixes de cartr\u00f3. Adequat per als sistemes &#8220;wrap-around&#8221; i safates hortofrut\u00edcoles.<\/p>\n<h4>CARACTER\u00cdSTIQUES<\/h4>\n<p>Tancat i\/o formaci\u00f3 de caixes de cartr\u00f3 en m\u00e0quines autom\u00e0tiques.<br \/>\nMolt adequat per a m\u00e0quines d&#8217;alta velocitat.<br \/>\nAdequat per el sistema &#8220;wrap-around&#8221;.<br \/>\nAdequat per a safates d&#8217;agricultura.<br \/>\nTemperatura d&#8217;aplicaci\u00f3: 160-180\u00baC.<br \/>\nCompleix amb FDA 175.105 per a contacte indirecte amb aliments.<\/p>\n","protected":false},"excerpt":{"rendered":"<p>HOT-MELT MOLT R\u00c0PID PER FORMACI\u00d3 I TANCAT DE CAIXES EN<\/p>\n","protected":false},"featured_media":2833,"comment_status":"open","ping_status":"closed","template":"","meta":{"_acf_changed":false},"product_cat":[1011,1089,976,979,660,654,675,651,663,745,997,678,672,657,681,1764,1705,1666,1619,1617,1614,1608,1587,1288,1281,1780,600,973,1008,1786,1014],"product_tag":[],"acf":[],"_links":{"self":[{"href":"https:\/\/rayt.com\/ca\/wp-json\/wp\/v2\/product\/2942"}],"collection":[{"href":"https:\/\/rayt.com\/ca\/wp-json\/wp\/v2\/product"}],"about":[{"href":"https:\/\/rayt.com\/ca\/wp-json\/wp\/v2\/types\/product"}],"replies":[{"embeddable":true,"href":"https:\/\/rayt.com\/ca\/wp-json\/wp\/v2\/comments?post=2942"}],"wp:featuredmedia":[{"embeddable":true,"href":"https:\/\/rayt.com\/ca\/wp-json\/wp\/v2\/media\/2833"}],"wp:attachment":[{"href":"https:\/\/rayt.com\/ca\/wp-json\/wp\/v2\/media?parent=2942"}],"wp:term":[{"taxonomy":"product_cat","embeddable":true,"href":"https:\/\/rayt.com\/ca\/wp-json\/wp\/v2\/product_cat?post=2942"},{"taxonomy":"product_tag","embeddable":true,"href":"https:\/\/rayt.com\/ca\/wp-json\/wp\/v2\/product_tag?post=2942"}],"curies":[{"name":"wp","href":"https:\/\/api.w.org\/{rel}","templated":true}]}}