{"id":2948,"date":"2020-11-03T11:11:52","date_gmt":"2020-12-14T08:19:30","guid":{"rendered":"http:\/\/rayt.com\/?post_type=product&#038;p=2948"},"modified":"2021-02-19T15:39:33","modified_gmt":"2021-02-19T15:39:33","slug":"g-6662-n","status":"publish","type":"product","link":"https:\/\/rayt.com\/ca\/producto\/g-6662-n\/","title":{"rendered":"G-6662-N"},"content":{"rendered":"<p>HOT-MELT STANDARD PER FORMACI\u00d3 I TANCAT DE CAIXES.<br \/>\nAdhesiu termofusible indicat per a la formaci\u00f3 i tancat de caixes de cartr\u00f3 en m\u00e0quines autom\u00e0tiques, formaci\u00f3 de safates i caixes &#8220;wrap-around&#8221; o envoltants.<\/p>\n<h4>CARACTER\u00cdSTIQUES<\/h4>\n<p>Tancament i formaci\u00f3 de caixes de cartr\u00f3 i estoigs en m\u00e0quines autom\u00e0tiques.<br \/>\nAdequat per a la formaci\u00f3 de caixes en m\u00e0quines wrap-around.<br \/>\nTemperatura d&#8217;aplicaci\u00f3: 160-180\u00baC.<br \/>\nViscositat baixa.<br \/>\nCompleix amb FDA 175.105 per a contacte indirecte amb aliments.<\/p>\n","protected":false},"excerpt":{"rendered":"<p>HOT-MELT STANDARD PER FORMACI\u00d3 I TANCAT DE CAIXES. Adhesiu termofusible<\/p>\n","protected":false},"featured_media":2833,"comment_status":"open","ping_status":"closed","template":"","meta":{"_acf_changed":false},"product_cat":[1011,1089,976,979,660,654,675,651,663,745,997,989,678,669,666,672,657,681,1281,1764,1705,1666,1619,1617,1614,1612,1610,1608,1587,1288,1767,1780,600,973,1008,1786,988,1014],"product_tag":[],"acf":[],"_links":{"self":[{"href":"https:\/\/rayt.com\/ca\/wp-json\/wp\/v2\/product\/2948"}],"collection":[{"href":"https:\/\/rayt.com\/ca\/wp-json\/wp\/v2\/product"}],"about":[{"href":"https:\/\/rayt.com\/ca\/wp-json\/wp\/v2\/types\/product"}],"replies":[{"embeddable":true,"href":"https:\/\/rayt.com\/ca\/wp-json\/wp\/v2\/comments?post=2948"}],"wp:featuredmedia":[{"embeddable":true,"href":"https:\/\/rayt.com\/ca\/wp-json\/wp\/v2\/media\/2833"}],"wp:attachment":[{"href":"https:\/\/rayt.com\/ca\/wp-json\/wp\/v2\/media?parent=2948"}],"wp:term":[{"taxonomy":"product_cat","embeddable":true,"href":"https:\/\/rayt.com\/ca\/wp-json\/wp\/v2\/product_cat?post=2948"},{"taxonomy":"product_tag","embeddable":true,"href":"https:\/\/rayt.com\/ca\/wp-json\/wp\/v2\/product_tag?post=2948"}],"curies":[{"name":"wp","href":"https:\/\/api.w.org\/{rel}","templated":true}]}}