{"id":2966,"date":"2020-11-03T11:17:30","date_gmt":"2020-12-14T08:36:50","guid":{"rendered":"http:\/\/rayt.com\/?post_type=product&#038;p=2966"},"modified":"2021-02-18T11:34:34","modified_gmt":"2021-02-18T11:34:34","slug":"g-6665-rc","status":"publish","type":"product","link":"https:\/\/rayt.com\/ca\/producto\/g-6665-rc\/","title":{"rendered":"G-6665-RC"},"content":{"rendered":"<p>HOT-MELT MOLT R\u00c0PID PER FORMACI\u00d3 I TANCAT DE CAIXES EN AMBIENTS CALOROSOS.<br \/>\nAdhesiu indicat per al format i tancat de caixes en m\u00e0quines autom\u00e0tiques. Adequat especialment per a sistemes &#8220;wrap-around&#8221; que per les seves caracter\u00edstiques o pel tipus d&#8217;embalatge necessitin un enduriment r\u00e0pid.<\/p>\n<h4>CARACTER\u00cdSTIQUES<\/h4>\n<p>Especialment indicat per a aplicacions on es precisi una molt bona resist\u00e8ncia a la temperatura durant l&#8217;encolat de l&#8217;embalatge o posteriorment (envasat de cer\u00e0mica, sucs, vins etc).<br \/>\nAdequat per a la formaci\u00f3 de caixes en m\u00e0quines wrap-around quan es precisa un fraguat r\u00e0pid.<br \/>\nTancament i formaci\u00f3 de caixes de cartr\u00f3 i estoigs en m\u00e0quines autom\u00e0tiques.<br \/>\nTemperatura d&#8217;aplicaci\u00f3: 160-180\u00baC.<br \/>\nViscositat baixa.<br \/>\nCompleix amb FDA 175.105 per a contacte indirecte amb aliments.<\/p>\n","protected":false},"excerpt":{"rendered":"<p>HOT-MELT MOLT R\u00c0PID PER FORMACI\u00d3 I TANCAT DE CAIXES EN<\/p>\n","protected":false},"featured_media":2833,"comment_status":"open","ping_status":"closed","template":"","meta":{"_acf_changed":false},"product_cat":[1011,1089,976,979,654,675,651,745,997,678,657,681,1780,1764,1281,1288,1587,1617,1619,1666,1705,600,973,1008,1786,1014],"product_tag":[],"acf":[],"_links":{"self":[{"href":"https:\/\/rayt.com\/ca\/wp-json\/wp\/v2\/product\/2966"}],"collection":[{"href":"https:\/\/rayt.com\/ca\/wp-json\/wp\/v2\/product"}],"about":[{"href":"https:\/\/rayt.com\/ca\/wp-json\/wp\/v2\/types\/product"}],"replies":[{"embeddable":true,"href":"https:\/\/rayt.com\/ca\/wp-json\/wp\/v2\/comments?post=2966"}],"wp:featuredmedia":[{"embeddable":true,"href":"https:\/\/rayt.com\/ca\/wp-json\/wp\/v2\/media\/2833"}],"wp:attachment":[{"href":"https:\/\/rayt.com\/ca\/wp-json\/wp\/v2\/media?parent=2966"}],"wp:term":[{"taxonomy":"product_cat","embeddable":true,"href":"https:\/\/rayt.com\/ca\/wp-json\/wp\/v2\/product_cat?post=2966"},{"taxonomy":"product_tag","embeddable":true,"href":"https:\/\/rayt.com\/ca\/wp-json\/wp\/v2\/product_tag?post=2966"}],"curies":[{"name":"wp","href":"https:\/\/api.w.org\/{rel}","templated":true}]}}