{"id":2973,"date":"2020-11-03T11:19:28","date_gmt":"2020-12-14T08:56:01","guid":{"rendered":"http:\/\/rayt.com\/?post_type=product&#038;p=2973"},"modified":"2021-02-19T15:49:36","modified_gmt":"2021-02-19T15:49:36","slug":"g-6735","status":"publish","type":"product","link":"https:\/\/rayt.com\/ca\/producto\/g-6735\/","title":{"rendered":"G-6735"},"content":{"rendered":"<p>HOT-MELT DE TEMPS OBERT LLARG PER FORMACI\u00d3 I TANCAT DE CAIXES.<br \/>\nAdhesiu indicat per al format i tancat de caixes i estoigs de cartr\u00f3 aix\u00ed com costura lateral d&#8217;estoigs de grans dimensions.<\/p>\n<h4>CARACTER\u00cdSTIQUES<\/h4>\n<p>Especialment adequat para l&#8217;encolat de materials amb algun tipus de recobriment (parafina, PE etc).<br \/>\nTancament i formaci\u00f3 de caixes de cartr\u00f3 i estoigs en m\u00e0quines autom\u00e0tiques.<br \/>\n\u00datil en diferents aplicacions on es requereixi un Temps obert llarg.<br \/>\nMolt adequat per a la formaci\u00f3 de plats amb recobriment antihumitat.<br \/>\nTemperatura d&#8217;aplicaci\u00f3: 160-180\u00baC.<br \/>\nViscositat baixa.<br \/>\nCompleix amb FDA 175.105 per a contacte indirecte amb aliments.<\/p>\n","protected":false},"excerpt":{"rendered":"<p>HOT-MELT DE TEMPS OBERT LLARG PER FORMACI\u00d3 I TANCAT DE<\/p>\n","protected":false},"featured_media":2833,"comment_status":"open","ping_status":"closed","template":"","meta":{"_acf_changed":false},"product_cat":[1011,1089,976,979,660,654,675,651,663,745,997,989,678,669,666,672,657,681,1281,1764,1705,1666,1619,1617,1614,1612,1610,1608,1587,1288,1767,1780,600,973,1008,1786,988,1014],"product_tag":[],"acf":[],"_links":{"self":[{"href":"https:\/\/rayt.com\/ca\/wp-json\/wp\/v2\/product\/2973"}],"collection":[{"href":"https:\/\/rayt.com\/ca\/wp-json\/wp\/v2\/product"}],"about":[{"href":"https:\/\/rayt.com\/ca\/wp-json\/wp\/v2\/types\/product"}],"replies":[{"embeddable":true,"href":"https:\/\/rayt.com\/ca\/wp-json\/wp\/v2\/comments?post=2973"}],"wp:featuredmedia":[{"embeddable":true,"href":"https:\/\/rayt.com\/ca\/wp-json\/wp\/v2\/media\/2833"}],"wp:attachment":[{"href":"https:\/\/rayt.com\/ca\/wp-json\/wp\/v2\/media?parent=2973"}],"wp:term":[{"taxonomy":"product_cat","embeddable":true,"href":"https:\/\/rayt.com\/ca\/wp-json\/wp\/v2\/product_cat?post=2973"},{"taxonomy":"product_tag","embeddable":true,"href":"https:\/\/rayt.com\/ca\/wp-json\/wp\/v2\/product_tag?post=2973"}],"curies":[{"name":"wp","href":"https:\/\/api.w.org\/{rel}","templated":true}]}}