{"id":2981,"date":"2020-10-28T09:06:01","date_gmt":"2020-12-14T09:05:42","guid":{"rendered":"http:\/\/rayt.com\/?post_type=product&#038;p=2981"},"modified":"2021-02-12T08:04:17","modified_gmt":"2021-02-12T08:04:17","slug":"t-1306-bo","status":"publish","type":"product","link":"https:\/\/rayt.com\/ca\/producto\/t-1306-bo\/","title":{"rendered":"T-1306-BO"},"content":{"rendered":"<div id=\"description_content\" class=\"rte align_justify\">\n<p>ADHESIU EN DISPERSI\u00d3 AQUOSA A BASE DE POL\u00cdMERS SINT\u00c8TICS.<\/p>\n<\/div>\n<div id=\"description_content\" class=\"rte align_justify\">\n<p>Producte especialment adequat per al aprest de fibres t\u00e8xtils. Es caracteritza per presentar un gran poder lligant.<\/p>\n<\/div>\n<h4>CARACTER\u00cdSTIQUES<\/h4>\n<p>Aprest de fibres t\u00e8xtils.<br \/>\nGran poder lligant.<br \/>\nViscositat alta.<\/p>\n","protected":false},"excerpt":{"rendered":"<p>ADHESIU EN DISPERSI\u00d3 AQUOSA A BASE DE POL\u00cdMERS SINT\u00c8TICS. Producte<\/p>\n","protected":false},"featured_media":2982,"comment_status":"open","ping_status":"closed","template":"","meta":{"_acf_changed":false},"product_cat":[1305,600,808,775,772],"product_tag":[],"acf":[],"_links":{"self":[{"href":"https:\/\/rayt.com\/ca\/wp-json\/wp\/v2\/product\/2981"}],"collection":[{"href":"https:\/\/rayt.com\/ca\/wp-json\/wp\/v2\/product"}],"about":[{"href":"https:\/\/rayt.com\/ca\/wp-json\/wp\/v2\/types\/product"}],"replies":[{"embeddable":true,"href":"https:\/\/rayt.com\/ca\/wp-json\/wp\/v2\/comments?post=2981"}],"wp:featuredmedia":[{"embeddable":true,"href":"https:\/\/rayt.com\/ca\/wp-json\/wp\/v2\/media\/2982"}],"wp:attachment":[{"href":"https:\/\/rayt.com\/ca\/wp-json\/wp\/v2\/media?parent=2981"}],"wp:term":[{"taxonomy":"product_cat","embeddable":true,"href":"https:\/\/rayt.com\/ca\/wp-json\/wp\/v2\/product_cat?post=2981"},{"taxonomy":"product_tag","embeddable":true,"href":"https:\/\/rayt.com\/ca\/wp-json\/wp\/v2\/product_tag?post=2981"}],"curies":[{"name":"wp","href":"https:\/\/api.w.org\/{rel}","templated":true}]}}