{"id":2990,"date":"2020-10-28T08:48:40","date_gmt":"2020-12-14T09:15:18","guid":{"rendered":"http:\/\/rayt.com\/?post_type=product&#038;p=2990"},"modified":"2021-02-12T08:34:04","modified_gmt":"2021-02-12T08:34:04","slug":"g-1709-nw","status":"publish","type":"product","link":"https:\/\/rayt.com\/ca\/producto\/g-1709-nw\/","title":{"rendered":"G-1709-NW"},"content":{"rendered":"<div id=\"description_content\" class=\"rte align_justify\">\n<p>ADHESIU EN DISPERSI\u00d3 AQUOSA, APREST PER NON-WOVEN. STANDARD.<\/p>\n<\/div>\n<div id=\"description_content\" class=\"rte align_justify\">\n<p>Producte molt adequat per ser utilitzat en la ind\u00fastria t\u00e8xtil com aprest per a l&#8217;acabat de teixits sense teixir.<br \/>\nT\u00e9 una bona estabilitat mec\u00e0nica i un r\u00e0pid assecat.<\/p>\n<\/div>\n<h4>CARACTER\u00cdSTIQUES<\/h4>\n<p>Aprest per a l&#8217;acabat de teixits sense teixir.<br \/>\nExcel\u00b7lent estabilitat mec\u00e0nica.<br \/>\nAssecat r\u00e0pid.<\/p>\n","protected":false},"excerpt":{"rendered":"<p>ADHESIU EN DISPERSI\u00d3 AQUOSA, APREST PER NON-WOVEN. STANDARD. Producte molt<\/p>\n","protected":false},"featured_media":2113,"comment_status":"open","ping_status":"closed","template":"","meta":{"_acf_changed":false},"product_cat":[805,802,1469,600,808],"product_tag":[],"acf":[],"_links":{"self":[{"href":"https:\/\/rayt.com\/ca\/wp-json\/wp\/v2\/product\/2990"}],"collection":[{"href":"https:\/\/rayt.com\/ca\/wp-json\/wp\/v2\/product"}],"about":[{"href":"https:\/\/rayt.com\/ca\/wp-json\/wp\/v2\/types\/product"}],"replies":[{"embeddable":true,"href":"https:\/\/rayt.com\/ca\/wp-json\/wp\/v2\/comments?post=2990"}],"wp:featuredmedia":[{"embeddable":true,"href":"https:\/\/rayt.com\/ca\/wp-json\/wp\/v2\/media\/2113"}],"wp:attachment":[{"href":"https:\/\/rayt.com\/ca\/wp-json\/wp\/v2\/media?parent=2990"}],"wp:term":[{"taxonomy":"product_cat","embeddable":true,"href":"https:\/\/rayt.com\/ca\/wp-json\/wp\/v2\/product_cat?post=2990"},{"taxonomy":"product_tag","embeddable":true,"href":"https:\/\/rayt.com\/ca\/wp-json\/wp\/v2\/product_tag?post=2990"}],"curies":[{"name":"wp","href":"https:\/\/api.w.org\/{rel}","templated":true}]}}