{"id":3009,"date":"2020-11-03T11:32:12","date_gmt":"2020-12-14T09:41:36","guid":{"rendered":"http:\/\/rayt.com\/?post_type=product&#038;p=3009"},"modified":"2021-02-19T15:51:04","modified_gmt":"2021-02-19T15:51:04","slug":"g-6755-n","status":"publish","type":"product","link":"https:\/\/rayt.com\/ca\/producto\/g-6755-n\/","title":{"rendered":"G-6755-N"},"content":{"rendered":"<p>HOT-MELT STANDARD PER FORMACI\u00d3 I TANCAT DE CAIXES.<br \/>\nAdhesiu termofusible indicat per a la formaci\u00f3 i tancat de caixes de cartr\u00f3 en m\u00e0quines autom\u00e0tiques, formaci\u00f3 de safates i caixes wrap-around o envoltants.<\/p>\n<h4>CARACTER\u00cdSTIQUES<\/h4>\n<p>Adequat per tancat i formaci\u00f3 de caixes, estoigs, plat\u00f3s hortofrut\u00edcoles, sistema &#8220;wrap around&#8221;<br \/>\nTemperatura d&#8217;aplicaci\u00f3: 160 &#8211; 180 \u00ba C<br \/>\nBaixa viscositat.<\/p>\n","protected":false},"excerpt":{"rendered":"<p>HOT-MELT STANDARD PER FORMACI\u00d3 I TANCAT DE CAIXES. Adhesiu termofusible<\/p>\n","protected":false},"featured_media":2833,"comment_status":"open","ping_status":"closed","template":"","meta":{"_acf_changed":false},"product_cat":[1011,1089,976,979,660,654,675,651,663,745,997,989,678,669,666,672,657,681,1281,1764,1705,1666,1619,1617,1614,1612,1610,1608,1587,1288,1767,1780,600,973,1008,1786,988,1014],"product_tag":[],"acf":[],"_links":{"self":[{"href":"https:\/\/rayt.com\/ca\/wp-json\/wp\/v2\/product\/3009"}],"collection":[{"href":"https:\/\/rayt.com\/ca\/wp-json\/wp\/v2\/product"}],"about":[{"href":"https:\/\/rayt.com\/ca\/wp-json\/wp\/v2\/types\/product"}],"replies":[{"embeddable":true,"href":"https:\/\/rayt.com\/ca\/wp-json\/wp\/v2\/comments?post=3009"}],"wp:featuredmedia":[{"embeddable":true,"href":"https:\/\/rayt.com\/ca\/wp-json\/wp\/v2\/media\/2833"}],"wp:attachment":[{"href":"https:\/\/rayt.com\/ca\/wp-json\/wp\/v2\/media?parent=3009"}],"wp:term":[{"taxonomy":"product_cat","embeddable":true,"href":"https:\/\/rayt.com\/ca\/wp-json\/wp\/v2\/product_cat?post=3009"},{"taxonomy":"product_tag","embeddable":true,"href":"https:\/\/rayt.com\/ca\/wp-json\/wp\/v2\/product_tag?post=3009"}],"curies":[{"name":"wp","href":"https:\/\/api.w.org\/{rel}","templated":true}]}}