{"id":3017,"date":"2020-11-03T11:34:06","date_gmt":"2020-12-14T09:54:31","guid":{"rendered":"http:\/\/rayt.com\/?post_type=product&#038;p=3017"},"modified":"2021-02-19T15:52:09","modified_gmt":"2021-02-19T15:52:09","slug":"g-6780","status":"publish","type":"product","link":"https:\/\/rayt.com\/ca\/producto\/g-6780\/","title":{"rendered":"G-6780"},"content":{"rendered":"<p>HOT-MELT STANDARD PER FORMACI\u00d3 I TANCAT DE CAIXES.<br \/>\nAdhesiu per al tancat i format de caixes de cartr\u00f3 amb o sense tractament. Adequat per estoigs, formaci\u00f3 de safates hortofuct\u00edcoles i de caixes en m\u00e0quines &#8220;wrap-around&#8221;.<\/p>\n<h4>CARACTER\u00cdSTIQUES<\/h4>\n<p>Especialment adequat para l&#8217;encolat de materials amb algun tipus de recobriment (parafina, PE etc).<br \/>\nTancament i formaci\u00f3 de caixes de cartr\u00f3 i estoigs en m\u00e0quines autom\u00e0tiques.<br \/>\nMolt adequat per a la formaci\u00f3 de safates per a l&#8217;agricultura.<br \/>\nFormaci\u00f3 de caixes en m\u00e0quines &#8220;wrap-around&#8221;.<br \/>\nTemperatura d&#8217;aplicaci\u00f3: 160-180\u00baC.<br \/>\nCompleix amb FDA 175.105 per a contacte indirecte amb aliments.<\/p>\n","protected":false},"excerpt":{"rendered":"<p>HOT-MELT STANDARD PER FORMACI\u00d3 I TANCAT DE CAIXES. Adhesiu per<\/p>\n","protected":false},"featured_media":2833,"comment_status":"open","ping_status":"closed","template":"","meta":{"_acf_changed":false},"product_cat":[1011,1089,976,979,660,654,675,651,663,745,997,989,678,669,666,672,657,681,1281,1764,1705,1666,1619,1617,1614,1612,1610,1608,1587,1288,1767,1780,600,973,1008,1786,988,1014],"product_tag":[],"acf":[],"_links":{"self":[{"href":"https:\/\/rayt.com\/ca\/wp-json\/wp\/v2\/product\/3017"}],"collection":[{"href":"https:\/\/rayt.com\/ca\/wp-json\/wp\/v2\/product"}],"about":[{"href":"https:\/\/rayt.com\/ca\/wp-json\/wp\/v2\/types\/product"}],"replies":[{"embeddable":true,"href":"https:\/\/rayt.com\/ca\/wp-json\/wp\/v2\/comments?post=3017"}],"wp:featuredmedia":[{"embeddable":true,"href":"https:\/\/rayt.com\/ca\/wp-json\/wp\/v2\/media\/2833"}],"wp:attachment":[{"href":"https:\/\/rayt.com\/ca\/wp-json\/wp\/v2\/media?parent=3017"}],"wp:term":[{"taxonomy":"product_cat","embeddable":true,"href":"https:\/\/rayt.com\/ca\/wp-json\/wp\/v2\/product_cat?post=3017"},{"taxonomy":"product_tag","embeddable":true,"href":"https:\/\/rayt.com\/ca\/wp-json\/wp\/v2\/product_tag?post=3017"}],"curies":[{"name":"wp","href":"https:\/\/api.w.org\/{rel}","templated":true}]}}