{"id":3023,"date":"2020-10-28T08:22:30","date_gmt":"2020-12-14T10:01:13","guid":{"rendered":"http:\/\/rayt.com\/?post_type=product&#038;p=3023"},"modified":"2021-02-12T08:25:26","modified_gmt":"2021-02-12T08:25:26","slug":"ca-242","status":"publish","type":"product","link":"https:\/\/rayt.com\/ca\/producto\/ca-242\/","title":{"rendered":"CA-242"},"content":{"rendered":"<div id=\"description_content\" class=\"rte align_justify\">\n<p>ADHESIU BASAT EN CAUTX\u00da SINT\u00c8TIC EN DISSOLVENTS. STANDARD.<\/p>\n<\/div>\n<div id=\"description_content\" class=\"rte align_justify\">\n<p>Adhesiu de contacte molt vers\u00e0til adequat no nom\u00e9s per treballs de fusteria sin\u00f3 tamb\u00e9 per a la instal\u00b7laci\u00f3 de lin\u00f2leums, cautx\u00fa, materials a\u00efllants, guix, etc. en parets, terres, sostres i escales degudament preparades.<\/p>\n<\/div>\n<h4>CARACTER\u00cdSTIQUES<\/h4>\n<p>Bona resist\u00e8ncia a la calor, que pot millorar-se per addici\u00f3 d&#8217;un catalitzador.<br \/>\nAdhesi\u00f3 a una gran diversitat de materials.<br \/>\nBones propietats de resist\u00e8ncia final.<br \/>\nAdhesiu de bones prestacions.<br \/>\nAplicable a brotxa o corr\u00f3.<br \/>\nTemps obert llarg.<\/p>\n","protected":false},"excerpt":{"rendered":"<p>ADHESIU BASAT EN CAUTX\u00da SINT\u00c8TIC EN DISSOLVENTS. STANDARD. Adhesiu de<\/p>\n","protected":false},"featured_media":3024,"comment_status":"open","ping_status":"closed","template":"","meta":{"_acf_changed":false},"product_cat":[784,1272,1284,791,787,600,808],"product_tag":[],"acf":[],"_links":{"self":[{"href":"https:\/\/rayt.com\/ca\/wp-json\/wp\/v2\/product\/3023"}],"collection":[{"href":"https:\/\/rayt.com\/ca\/wp-json\/wp\/v2\/product"}],"about":[{"href":"https:\/\/rayt.com\/ca\/wp-json\/wp\/v2\/types\/product"}],"replies":[{"embeddable":true,"href":"https:\/\/rayt.com\/ca\/wp-json\/wp\/v2\/comments?post=3023"}],"wp:featuredmedia":[{"embeddable":true,"href":"https:\/\/rayt.com\/ca\/wp-json\/wp\/v2\/media\/3024"}],"wp:attachment":[{"href":"https:\/\/rayt.com\/ca\/wp-json\/wp\/v2\/media?parent=3023"}],"wp:term":[{"taxonomy":"product_cat","embeddable":true,"href":"https:\/\/rayt.com\/ca\/wp-json\/wp\/v2\/product_cat?post=3023"},{"taxonomy":"product_tag","embeddable":true,"href":"https:\/\/rayt.com\/ca\/wp-json\/wp\/v2\/product_tag?post=3023"}],"curies":[{"name":"wp","href":"https:\/\/api.w.org\/{rel}","templated":true}]}}