{"id":3025,"date":"2020-11-03T11:36:50","date_gmt":"2020-12-14T10:03:22","guid":{"rendered":"http:\/\/rayt.com\/?post_type=product&#038;p=3025"},"modified":"2021-02-19T15:53:55","modified_gmt":"2021-02-19T15:53:55","slug":"g-6799","status":"publish","type":"product","link":"https:\/\/rayt.com\/ca\/producto\/g-6799\/","title":{"rendered":"G-6799"},"content":{"rendered":"<p>HOT-MELT STANDARD PER FORMACI\u00d3 I TANCAT DE CAIXES.<br \/>\nAdhesiu termofusible indicat per a la formaci\u00f3 i tancat de caixes de cartr\u00f3 en m\u00e0quines autom\u00e0tiques, i per la formaci\u00f3 de safates i caixes wrap-around o envoltants.<\/p>\n<h4>CARACTER\u00cdSTIQUES<\/h4>\n<p>Adequat per tancat i formaci\u00f3 de caixes, estoigs, plat\u00f3s hortofrut\u00edcoles i per el sistema &#8220;wrap around&#8221;<br \/>\nTemperatura d&#8217;aplicaci\u00f3: 160 &#8211; 180 \u00ba C<br \/>\nBaixa viscositat.<\/p>\n","protected":false},"excerpt":{"rendered":"<p>HOT-MELT STANDARD PER FORMACI\u00d3 I TANCAT DE CAIXES. Adhesiu termofusible<\/p>\n","protected":false},"featured_media":2833,"comment_status":"open","ping_status":"closed","template":"","meta":{"_acf_changed":false},"product_cat":[1011,1089,976,979,660,654,675,651,663,745,997,989,678,669,666,898,672,657,681,1610,1780,1612,1614,1617,1619,1666,1281,1705,1764,1767,1608,1600,1587,1288,600,755,973,1008,1786,988,1014,904],"product_tag":[],"acf":[],"_links":{"self":[{"href":"https:\/\/rayt.com\/ca\/wp-json\/wp\/v2\/product\/3025"}],"collection":[{"href":"https:\/\/rayt.com\/ca\/wp-json\/wp\/v2\/product"}],"about":[{"href":"https:\/\/rayt.com\/ca\/wp-json\/wp\/v2\/types\/product"}],"replies":[{"embeddable":true,"href":"https:\/\/rayt.com\/ca\/wp-json\/wp\/v2\/comments?post=3025"}],"wp:featuredmedia":[{"embeddable":true,"href":"https:\/\/rayt.com\/ca\/wp-json\/wp\/v2\/media\/2833"}],"wp:attachment":[{"href":"https:\/\/rayt.com\/ca\/wp-json\/wp\/v2\/media?parent=3025"}],"wp:term":[{"taxonomy":"product_cat","embeddable":true,"href":"https:\/\/rayt.com\/ca\/wp-json\/wp\/v2\/product_cat?post=3025"},{"taxonomy":"product_tag","embeddable":true,"href":"https:\/\/rayt.com\/ca\/wp-json\/wp\/v2\/product_tag?post=3025"}],"curies":[{"name":"wp","href":"https:\/\/api.w.org\/{rel}","templated":true}]}}