{"id":3033,"date":"2020-10-28T08:29:14","date_gmt":"2020-12-14T10:10:02","guid":{"rendered":"http:\/\/rayt.com\/?post_type=product&#038;p=3033"},"modified":"2021-02-12T08:27:26","modified_gmt":"2021-02-12T08:27:26","slug":"ca-270-pu","status":"publish","type":"product","link":"https:\/\/rayt.com\/ca\/producto\/ca-270-pu\/","title":{"rendered":"CA-270-PU"},"content":{"rendered":"<div id=\"description_content\" class=\"rte align_justify\">\n<p>ADHESIU EN BASE POLIURET\u00c0 EN DISSOLVENTS.<\/p>\n<\/div>\n<div id=\"description_content\" class=\"rte align_justify\">\n<p>Adhesiu especialment formulat per a la ind\u00fastria del cal\u00e7at, per l&#8217;encolat de soles de PVC i retalls d&#8217;aquest mateix material, unions de cautx\u00fa TR (pr\u00e8viament halogenat) sobre els diversos materials emprats com retall.<\/p>\n<\/div>\n<h4>CARACTER\u00cdSTIQUES<\/h4>\n<p>Bona adhesi\u00f3 sobre PVC i cautx\u00fa TR (halogenat)<br \/>\nReactivable per calor a 80-90\u00baC.<br \/>\nPoliuret\u00e0 en dissoluci\u00f3.<\/p>\n","protected":false},"excerpt":{"rendered":"<p>ADHESIU EN BASE POLIURET\u00c0 EN DISSOLVENTS. Adhesiu especialment formulat per<\/p>\n","protected":false},"featured_media":3034,"comment_status":"open","ping_status":"closed","template":"","meta":{"_acf_changed":false},"product_cat":[784,1272,1284,791,787,600,808],"product_tag":[],"acf":[],"_links":{"self":[{"href":"https:\/\/rayt.com\/ca\/wp-json\/wp\/v2\/product\/3033"}],"collection":[{"href":"https:\/\/rayt.com\/ca\/wp-json\/wp\/v2\/product"}],"about":[{"href":"https:\/\/rayt.com\/ca\/wp-json\/wp\/v2\/types\/product"}],"replies":[{"embeddable":true,"href":"https:\/\/rayt.com\/ca\/wp-json\/wp\/v2\/comments?post=3033"}],"wp:featuredmedia":[{"embeddable":true,"href":"https:\/\/rayt.com\/ca\/wp-json\/wp\/v2\/media\/3034"}],"wp:attachment":[{"href":"https:\/\/rayt.com\/ca\/wp-json\/wp\/v2\/media?parent=3033"}],"wp:term":[{"taxonomy":"product_cat","embeddable":true,"href":"https:\/\/rayt.com\/ca\/wp-json\/wp\/v2\/product_cat?post=3033"},{"taxonomy":"product_tag","embeddable":true,"href":"https:\/\/rayt.com\/ca\/wp-json\/wp\/v2\/product_tag?post=3033"}],"curies":[{"name":"wp","href":"https:\/\/api.w.org\/{rel}","templated":true}]}}