{"id":3035,"date":"2020-11-03T11:39:10","date_gmt":"2020-12-14T10:12:40","guid":{"rendered":"http:\/\/rayt.com\/?post_type=product&#038;p=3035"},"modified":"2021-02-19T15:55:40","modified_gmt":"2021-02-19T15:55:40","slug":"g-6900-innovation","status":"publish","type":"product","link":"https:\/\/rayt.com\/ca\/producto\/g-6900-innovation\/","title":{"rendered":"G-6900 INNOVATION"},"content":{"rendered":"<p>HOT-MELT METALOC\u00c8NIC BLANC R\u00c0PID PER FORMACI\u00d3 I TANCAT DE CAIXES.<br \/>\nAdhesiu termofusible de nova generaci\u00f3 per a la formaci\u00f3 i tancat de caixes de cartr\u00f3 en m\u00e0quines r\u00e0pides.<\/p>\n<h4>CARACTER\u00cdSTIQUES<\/h4>\n<p>Per a cartrons ondulats, compactes o recoberts.<br \/>\nHot-melt d&#8217;alta qualitat en base metaloc\u00e8nica.<br \/>\nExcel\u00b7lent resist\u00e8ncia a la temperatura.<br \/>\nTemperatura d&#8217;aplicaci\u00f3: 160-180\u00baC.<br \/>\nRendiment molt elevat.<br \/>\nExcel\u00b7lent adhesi\u00f3.<br \/>\nCompleix amb FDA 175.105 per a contacte indirecte amb aliments.<\/p>\n","protected":false},"excerpt":{"rendered":"<p>HOT-MELT METALOC\u00c8NIC BLANC R\u00c0PID PER FORMACI\u00d3 I TANCAT DE CAIXES.<\/p>\n","protected":false},"featured_media":2882,"comment_status":"open","ping_status":"closed","template":"","meta":{"_acf_changed":false},"product_cat":[1011,1089,976,979,660,654,675,651,663,745,997,989,678,669,672,657,681,1764,1705,1666,1619,1617,1614,1612,1608,1587,1288,1281,1767,1780,600,973,1008,1786,988,1014],"product_tag":[],"acf":[],"_links":{"self":[{"href":"https:\/\/rayt.com\/ca\/wp-json\/wp\/v2\/product\/3035"}],"collection":[{"href":"https:\/\/rayt.com\/ca\/wp-json\/wp\/v2\/product"}],"about":[{"href":"https:\/\/rayt.com\/ca\/wp-json\/wp\/v2\/types\/product"}],"replies":[{"embeddable":true,"href":"https:\/\/rayt.com\/ca\/wp-json\/wp\/v2\/comments?post=3035"}],"wp:featuredmedia":[{"embeddable":true,"href":"https:\/\/rayt.com\/ca\/wp-json\/wp\/v2\/media\/2882"}],"wp:attachment":[{"href":"https:\/\/rayt.com\/ca\/wp-json\/wp\/v2\/media?parent=3035"}],"wp:term":[{"taxonomy":"product_cat","embeddable":true,"href":"https:\/\/rayt.com\/ca\/wp-json\/wp\/v2\/product_cat?post=3035"},{"taxonomy":"product_tag","embeddable":true,"href":"https:\/\/rayt.com\/ca\/wp-json\/wp\/v2\/product_tag?post=3035"}],"curies":[{"name":"wp","href":"https:\/\/api.w.org\/{rel}","templated":true}]}}