{"id":3044,"date":"2020-10-28T08:15:42","date_gmt":"2020-12-14T10:22:23","guid":{"rendered":"http:\/\/rayt.com\/?post_type=product&#038;p=3044"},"modified":"2021-02-12T08:17:49","modified_gmt":"2021-02-12T08:17:49","slug":"ca-145","status":"publish","type":"product","link":"https:\/\/rayt.com\/ca\/producto\/ca-145\/","title":{"rendered":"CA-145"},"content":{"rendered":"<div id=\"description_content\" class=\"rte align_justify\">\n<p>ADHESIU EN DISPERSI\u00d3 AQUOSA PER FABRICACI\u00d3 DE COMPONENTS DE CAL\u00c7AT.<\/p>\n<\/div>\n<div id=\"description_content\" class=\"rte align_justify\">\n<p>Adhesiu per a la fabricaci\u00f3 de talons per encolat de diverses capes de materials porosos.<\/p>\n<\/div>\n<h4>CARACTER\u00cdSTIQUES<\/h4>\n<p>Excel\u00b7lent adhesi\u00f3 a la majoria de cautx\u00fas utilitzats en la fabricaci\u00f3 de cal\u00e7at.<br \/>\nAdhesi\u00f3 de paper, fusta o tauler a substrats dif\u00edcils: metall, pl\u00e0stic o goma.<br \/>\nAplicaci\u00f3 per injectors, corr\u00f3 o manual.<\/p>\n","protected":false},"excerpt":{"rendered":"<p>ADHESIU EN DISPERSI\u00d3 AQUOSA PER FABRICACI\u00d3 DE COMPONENTS DE CAL\u00c7AT.<\/p>\n","protected":false},"featured_media":3045,"comment_status":"open","ping_status":"closed","template":"","meta":{"_acf_changed":false},"product_cat":[784,1276,791,600,808],"product_tag":[],"acf":[],"_links":{"self":[{"href":"https:\/\/rayt.com\/ca\/wp-json\/wp\/v2\/product\/3044"}],"collection":[{"href":"https:\/\/rayt.com\/ca\/wp-json\/wp\/v2\/product"}],"about":[{"href":"https:\/\/rayt.com\/ca\/wp-json\/wp\/v2\/types\/product"}],"replies":[{"embeddable":true,"href":"https:\/\/rayt.com\/ca\/wp-json\/wp\/v2\/comments?post=3044"}],"wp:featuredmedia":[{"embeddable":true,"href":"https:\/\/rayt.com\/ca\/wp-json\/wp\/v2\/media\/3045"}],"wp:attachment":[{"href":"https:\/\/rayt.com\/ca\/wp-json\/wp\/v2\/media?parent=3044"}],"wp:term":[{"taxonomy":"product_cat","embeddable":true,"href":"https:\/\/rayt.com\/ca\/wp-json\/wp\/v2\/product_cat?post=3044"},{"taxonomy":"product_tag","embeddable":true,"href":"https:\/\/rayt.com\/ca\/wp-json\/wp\/v2\/product_tag?post=3044"}],"curies":[{"name":"wp","href":"https:\/\/api.w.org\/{rel}","templated":true}]}}