{"id":3089,"date":"2020-11-03T11:58:25","date_gmt":"2020-12-14T11:30:38","guid":{"rendered":"http:\/\/rayt.com\/?post_type=product&#038;p=3089"},"modified":"2021-02-19T16:09:17","modified_gmt":"2021-02-19T16:09:17","slug":"g-6924-innovation","status":"publish","type":"product","link":"https:\/\/rayt.com\/ca\/producto\/g-6924-innovation\/","title":{"rendered":"G-6924 INNOVATION"},"content":{"rendered":"<p>HOT-MELT METALOC\u00c8NIC CLAR MOLT R\u00c0PID PER FORMACI\u00d3 I TANCAT DE CAIXES.<br \/>\nAdhesiu termofusible de nova generaci\u00f3 per a la formaci\u00f3 i tancat de caixes de cartr\u00f3 en m\u00e0quines molt r\u00e0pides o en ambients c\u00e0lids.<\/p>\n<h4>CARACTER\u00cdSTIQUES<\/h4>\n<p>Hot-melt d&#8217;alta qualitat en base metaloc\u00e8nica.<br \/>\nExcel\u00b7lent resist\u00e8ncia a la temperatura.<br \/>\nTemperatura d&#8217;aplicaci\u00f3: 165-190\u00baC.<br \/>\nPer m\u00e0quines d&#8217;alta velocitat.<br \/>\nRendiment molt elevat.<br \/>\nExcel\u00b7lent adhesi\u00f3.<br \/>\nCompleix amb FDA 175.105 per a contacte indirecte amb aliments.<\/p>\n","protected":false},"excerpt":{"rendered":"<p>HOT-MELT METALOC\u00c8NIC CLAR MOLT R\u00c0PID PER FORMACI\u00d3 I TANCAT DE<\/p>\n","protected":false},"featured_media":2888,"comment_status":"open","ping_status":"closed","template":"","meta":{"_acf_changed":false},"product_cat":[1011,1089,976,979,654,675,651,745,997,989,678,657,681,1780,1767,1281,1288,1587,1617,1619,1666,1705,1764,600,973,1008,1786,988,1014],"product_tag":[],"acf":[],"_links":{"self":[{"href":"https:\/\/rayt.com\/ca\/wp-json\/wp\/v2\/product\/3089"}],"collection":[{"href":"https:\/\/rayt.com\/ca\/wp-json\/wp\/v2\/product"}],"about":[{"href":"https:\/\/rayt.com\/ca\/wp-json\/wp\/v2\/types\/product"}],"replies":[{"embeddable":true,"href":"https:\/\/rayt.com\/ca\/wp-json\/wp\/v2\/comments?post=3089"}],"wp:featuredmedia":[{"embeddable":true,"href":"https:\/\/rayt.com\/ca\/wp-json\/wp\/v2\/media\/2888"}],"wp:attachment":[{"href":"https:\/\/rayt.com\/ca\/wp-json\/wp\/v2\/media?parent=3089"}],"wp:term":[{"taxonomy":"product_cat","embeddable":true,"href":"https:\/\/rayt.com\/ca\/wp-json\/wp\/v2\/product_cat?post=3089"},{"taxonomy":"product_tag","embeddable":true,"href":"https:\/\/rayt.com\/ca\/wp-json\/wp\/v2\/product_tag?post=3089"}],"curies":[{"name":"wp","href":"https:\/\/api.w.org\/{rel}","templated":true}]}}