{"id":3094,"date":"2020-10-28T09:30:42","date_gmt":"2020-12-14T11:41:11","guid":{"rendered":"http:\/\/rayt.com\/?post_type=product&#038;p=3094"},"modified":"2021-02-18T08:48:08","modified_gmt":"2021-02-18T08:48:08","slug":"novopren-tm-223","status":"publish","type":"product","link":"https:\/\/rayt.com\/ca\/producto\/novopren-tm-223\/","title":{"rendered":"NOVOPREN TM-223"},"content":{"rendered":"<div id=\"description_content\" class=\"rte align_justify\">\n<p>ADHESIU BASAT EN CAUTX\u00da SINT\u00c8TIC EN DISSOLVENTS PER TAPISSERIA. APLICACI\u00d3 MANUAL.<\/p>\n<\/div>\n<div id=\"description_content\" class=\"rte align_justify\">\n<p>Adhesiu de contacte per treballs de tapisseria, per aplicaci\u00f3 manual, adequat per l&#8217;encolat de la major part dels materials en aquest tipus de treballs: gomes, escumes, t\u00e8xtils, fusta, etc.<\/p>\n<\/div>\n<h4>CARACTER\u00cdSTIQUES<\/h4>\n<p>Bona resist\u00e8ncia a la calor, que pot millorar-se per addici\u00f3 d&#8217;un catalitzador.<br \/>\nAplicaci\u00f3 manual a brotxa, corr\u00f3 o rasqueta.<br \/>\nBones propietats de resist\u00e8ncia final.<br \/>\n\u00das general en tapisseria.<\/p>\n","protected":false},"excerpt":{"rendered":"<p>ADHESIU BASAT EN CAUTX\u00da SINT\u00c8TIC EN DISSOLVENTS PER TAPISSERIA. APLICACI\u00d3<\/p>\n","protected":false},"featured_media":3095,"comment_status":"open","ping_status":"closed","template":"","meta":{"_acf_changed":false},"product_cat":[1418,1427,1439,826,600,824,825,755,820],"product_tag":[],"acf":[],"_links":{"self":[{"href":"https:\/\/rayt.com\/ca\/wp-json\/wp\/v2\/product\/3094"}],"collection":[{"href":"https:\/\/rayt.com\/ca\/wp-json\/wp\/v2\/product"}],"about":[{"href":"https:\/\/rayt.com\/ca\/wp-json\/wp\/v2\/types\/product"}],"replies":[{"embeddable":true,"href":"https:\/\/rayt.com\/ca\/wp-json\/wp\/v2\/comments?post=3094"}],"wp:featuredmedia":[{"embeddable":true,"href":"https:\/\/rayt.com\/ca\/wp-json\/wp\/v2\/media\/3095"}],"wp:attachment":[{"href":"https:\/\/rayt.com\/ca\/wp-json\/wp\/v2\/media?parent=3094"}],"wp:term":[{"taxonomy":"product_cat","embeddable":true,"href":"https:\/\/rayt.com\/ca\/wp-json\/wp\/v2\/product_cat?post=3094"},{"taxonomy":"product_tag","embeddable":true,"href":"https:\/\/rayt.com\/ca\/wp-json\/wp\/v2\/product_tag?post=3094"}],"curies":[{"name":"wp","href":"https:\/\/api.w.org\/{rel}","templated":true}]}}