{"id":3108,"date":"2020-11-03T09:03:26","date_gmt":"2020-12-14T12:01:00","guid":{"rendered":"http:\/\/rayt.com\/?post_type=product&#038;p=3108"},"modified":"2021-02-15T11:17:14","modified_gmt":"2021-02-15T11:17:14","slug":"g-1681-cr","status":"publish","type":"product","link":"https:\/\/rayt.com\/ca\/producto\/g-1681-cr\/","title":{"rendered":"G-1681-CR"},"content":{"rendered":"<p>ADHESIU SINT\u00c8TIC PER ETIQUETATGE D&#8217;ENVASOS DE VIDRE. BAIXA VISCOSITAT.<br \/>\nAdhesiu adequat per a l&#8217;etiquetatge d&#8217;ampolles de diferents tipus de vidre, tant fredes com calentes, en tot tipus de m\u00e0quines.<br \/>\nF\u00e0cil de bombejar i les ampolles s\u00f3n f\u00e0cilment rentables.<\/p>\n<h4>CARACTER\u00cdSTIQUES<\/h4>\n<p>Bona resist\u00e8ncia a la condensaci\u00f3 i a l&#8217;aigua freda.<br \/>\nAmpolles de vidre fredes o calentes.<br \/>\nAmpolles f\u00e0cilment rentables.<br \/>\nTot tipus de m\u00e0quines.<br \/>\nCompleix amb FDA 175.105 per a contacte indirecte amb aliments.<\/p>\n","protected":false},"excerpt":{"rendered":"<p>ADHESIU SINT\u00c8TIC PER ETIQUETATGE D&#8217;ENVASOS DE VIDRE. BAIXA VISCOSITAT. Adhesiu<\/p>\n","protected":false},"featured_media":2962,"comment_status":"open","ping_status":"closed","template":"","meta":{"_acf_changed":false},"product_cat":[1737,745,964,958,600],"product_tag":[],"acf":[],"_links":{"self":[{"href":"https:\/\/rayt.com\/ca\/wp-json\/wp\/v2\/product\/3108"}],"collection":[{"href":"https:\/\/rayt.com\/ca\/wp-json\/wp\/v2\/product"}],"about":[{"href":"https:\/\/rayt.com\/ca\/wp-json\/wp\/v2\/types\/product"}],"replies":[{"embeddable":true,"href":"https:\/\/rayt.com\/ca\/wp-json\/wp\/v2\/comments?post=3108"}],"wp:featuredmedia":[{"embeddable":true,"href":"https:\/\/rayt.com\/ca\/wp-json\/wp\/v2\/media\/2962"}],"wp:attachment":[{"href":"https:\/\/rayt.com\/ca\/wp-json\/wp\/v2\/media?parent=3108"}],"wp:term":[{"taxonomy":"product_cat","embeddable":true,"href":"https:\/\/rayt.com\/ca\/wp-json\/wp\/v2\/product_cat?post=3108"},{"taxonomy":"product_tag","embeddable":true,"href":"https:\/\/rayt.com\/ca\/wp-json\/wp\/v2\/product_tag?post=3108"}],"curies":[{"name":"wp","href":"https:\/\/api.w.org\/{rel}","templated":true}]}}