{"id":3130,"date":"2020-10-28T09:51:15","date_gmt":"2020-12-14T16:14:57","guid":{"rendered":"http:\/\/rayt.com\/?post_type=product&#038;p=3130"},"modified":"2021-02-19T15:14:13","modified_gmt":"2021-02-19T15:14:13","slug":"g-6517","status":"publish","type":"product","link":"https:\/\/rayt.com\/ca\/producto\/g-6517\/","title":{"rendered":"G-6517"},"content":{"rendered":"<div id=\"description_content\" class=\"rte align_justify\">\n<p>HOT-MELT AUTOADHESIU EN TAC PER APLICACIONS ESPECIALS.<\/p>\n<\/div>\n<div id=\"description_content\" class=\"rte align_justify\">\n<p>Adhesiu molt adequat per a la uni\u00f3 de materials amb algun tipus de recobriment (paraf\u00ednic, PE, vernissos, etc.) en el proc\u00e9s de fabricaci\u00f3 de displays expositors, PLV, cartelleria, etc.<\/p>\n<\/div>\n<h4>CARACTER\u00cdSTIQUES<\/h4>\n<p>Aplicacions d&#8217;embalatge on els substrats presentin especials dificultats d&#8217;adhesi\u00f3: caixes, estoigs, safates etc. envernissats o amb recobriment pl\u00e0stic.<br \/>\nTemperatura d&#8217;aplicaci\u00f3: 160-180\u00baC.<br \/>\nViscositat mitja-alta.<br \/>\nCompleix amb FDA 175.105 per a contacte indirecte amb aliments.<\/p>\n","protected":false},"excerpt":{"rendered":"<p>HOT-MELT AUTOADHESIU EN TAC PER APLICACIONS ESPECIALS. Adhesiu molt adequat<\/p>\n","protected":false},"featured_media":2733,"comment_status":"open","ping_status":"closed","template":"","meta":{"_acf_changed":false},"product_cat":[597,621,745,989,1792,1759,1433,1422,1348,600,618,824,825,755,990,988,820],"product_tag":[],"acf":[],"_links":{"self":[{"href":"https:\/\/rayt.com\/ca\/wp-json\/wp\/v2\/product\/3130"}],"collection":[{"href":"https:\/\/rayt.com\/ca\/wp-json\/wp\/v2\/product"}],"about":[{"href":"https:\/\/rayt.com\/ca\/wp-json\/wp\/v2\/types\/product"}],"replies":[{"embeddable":true,"href":"https:\/\/rayt.com\/ca\/wp-json\/wp\/v2\/comments?post=3130"}],"wp:featuredmedia":[{"embeddable":true,"href":"https:\/\/rayt.com\/ca\/wp-json\/wp\/v2\/media\/2733"}],"wp:attachment":[{"href":"https:\/\/rayt.com\/ca\/wp-json\/wp\/v2\/media?parent=3130"}],"wp:term":[{"taxonomy":"product_cat","embeddable":true,"href":"https:\/\/rayt.com\/ca\/wp-json\/wp\/v2\/product_cat?post=3130"},{"taxonomy":"product_tag","embeddable":true,"href":"https:\/\/rayt.com\/ca\/wp-json\/wp\/v2\/product_tag?post=3130"}],"curies":[{"name":"wp","href":"https:\/\/api.w.org\/{rel}","templated":true}]}}