{"id":3138,"date":"2020-11-03T09:06:26","date_gmt":"2020-12-15T07:31:33","guid":{"rendered":"http:\/\/rayt.com\/?post_type=product&#038;p=3138"},"modified":"2021-02-15T11:19:13","modified_gmt":"2021-02-15T11:19:13","slug":"g-1682-cr","status":"publish","type":"product","link":"https:\/\/rayt.com\/ca\/producto\/g-1682-cr\/","title":{"rendered":"G-1682-CR"},"content":{"rendered":"<p>ADHESIU DE CASE\u00cfNA PER L&#8217;ETIQUETATGE D&#8217;ENVASOS DE VIDRE. BONA RESIST\u00c8NCIA A L&#8217;AIGUA FREDA.<br \/>\nAdhesiu de m\u00e0xima resist\u00e8ncia a l&#8217;aigua freda, ideal per l&#8217;etiquetatge de cava, aigua mineral, vi i qualsevol altre env\u00e0s de vidre en m\u00e0quines etiquetadores.<\/p>\n<h4>CARACTER\u00cdSTIQUES<\/h4>\n<p>Bona resist\u00e8ncia a la condensaci\u00f3 i a l&#8217;aigua freda.<br \/>\nAmpolles de vidre fredes i humides.<br \/>\nAmpolles f\u00e0cilment rentables.<br \/>\nTot tipus de m\u00e0quines.<br \/>\nCompleix amb FDA 175.105 per a contacte indirecte amb aliments.<\/p>\n","protected":false},"excerpt":{"rendered":"<p>ADHESIU DE CASE\u00cfNA PER L&#8217;ETIQUETATGE D&#8217;ENVASOS DE VIDRE. BONA RESIST\u00c8NCIA<\/p>\n","protected":false},"featured_media":2962,"comment_status":"open","ping_status":"closed","template":"","meta":{"_acf_changed":false},"product_cat":[1737,745,964,958,600],"product_tag":[],"acf":[],"_links":{"self":[{"href":"https:\/\/rayt.com\/ca\/wp-json\/wp\/v2\/product\/3138"}],"collection":[{"href":"https:\/\/rayt.com\/ca\/wp-json\/wp\/v2\/product"}],"about":[{"href":"https:\/\/rayt.com\/ca\/wp-json\/wp\/v2\/types\/product"}],"replies":[{"embeddable":true,"href":"https:\/\/rayt.com\/ca\/wp-json\/wp\/v2\/comments?post=3138"}],"wp:featuredmedia":[{"embeddable":true,"href":"https:\/\/rayt.com\/ca\/wp-json\/wp\/v2\/media\/2962"}],"wp:attachment":[{"href":"https:\/\/rayt.com\/ca\/wp-json\/wp\/v2\/media?parent=3138"}],"wp:term":[{"taxonomy":"product_cat","embeddable":true,"href":"https:\/\/rayt.com\/ca\/wp-json\/wp\/v2\/product_cat?post=3138"},{"taxonomy":"product_tag","embeddable":true,"href":"https:\/\/rayt.com\/ca\/wp-json\/wp\/v2\/product_tag?post=3138"}],"curies":[{"name":"wp","href":"https:\/\/api.w.org\/{rel}","templated":true}]}}