{"id":3177,"date":"2020-11-03T09:24:38","date_gmt":"2020-12-15T09:16:51","guid":{"rendered":"http:\/\/rayt.com\/?post_type=product&#038;p=3177"},"modified":"2021-02-17T08:04:50","modified_gmt":"2021-02-17T08:04:50","slug":"g-1686-ep-n","status":"publish","type":"product","link":"https:\/\/rayt.com\/ca\/producto\/g-1686-ep-n\/","title":{"rendered":"G-1686-EP N"},"content":{"rendered":"<p>ADHESIU SINT\u00c8TIC PER ETIQUETATGE D&#8217;ENVASOS PL\u00c0STICS. M\u00c0QUINES R\u00c0PIDES.<br \/>\nAdhesiu per a l&#8217;etiquetatge d&#8217;ampolles de PVC i\/o PET d&#8217;un sol \u00fas.<br \/>\nAdequat per a l&#8217;etiquetatge d&#8217;ampolles fredes o calentes a m\u00e0quines completament autom\u00e0tiques.<\/p>\n<h4>CARACTER\u00cdSTIQUES<\/h4>\n<p>Bona resist\u00e8ncia a la condensaci\u00f3 i a l&#8217;aigua freda.<br \/>\nAmpolles de pl\u00e0stic, fredes o calentes.<br \/>\nAmpolles f\u00e0cilment rentables.<br \/>\nTot tipus de m\u00e0quines.<br \/>\nCompleix amb FDA 175.105 per a contacte indirecte amb aliments.<\/p>\n","protected":false},"excerpt":{"rendered":"<p>ADHESIU SINT\u00c8TIC PER ETIQUETATGE D&#8217;ENVASOS PL\u00c0STICS. M\u00c0QUINES R\u00c0PIDES. Adhesiu per<\/p>\n","protected":false},"featured_media":2962,"comment_status":"open","ping_status":"closed","template":"","meta":{"_acf_changed":false},"product_cat":[1745,745,961,958,600],"product_tag":[],"acf":[],"_links":{"self":[{"href":"https:\/\/rayt.com\/ca\/wp-json\/wp\/v2\/product\/3177"}],"collection":[{"href":"https:\/\/rayt.com\/ca\/wp-json\/wp\/v2\/product"}],"about":[{"href":"https:\/\/rayt.com\/ca\/wp-json\/wp\/v2\/types\/product"}],"replies":[{"embeddable":true,"href":"https:\/\/rayt.com\/ca\/wp-json\/wp\/v2\/comments?post=3177"}],"wp:featuredmedia":[{"embeddable":true,"href":"https:\/\/rayt.com\/ca\/wp-json\/wp\/v2\/media\/2962"}],"wp:attachment":[{"href":"https:\/\/rayt.com\/ca\/wp-json\/wp\/v2\/media?parent=3177"}],"wp:term":[{"taxonomy":"product_cat","embeddable":true,"href":"https:\/\/rayt.com\/ca\/wp-json\/wp\/v2\/product_cat?post=3177"},{"taxonomy":"product_tag","embeddable":true,"href":"https:\/\/rayt.com\/ca\/wp-json\/wp\/v2\/product_tag?post=3177"}],"curies":[{"name":"wp","href":"https:\/\/api.w.org\/{rel}","templated":true}]}}