{"id":3180,"date":"2020-11-03T09:53:59","date_gmt":"2020-12-15T09:30:56","guid":{"rendered":"http:\/\/rayt.com\/?post_type=product&#038;p=3180"},"modified":"2021-02-17T08:24:51","modified_gmt":"2021-02-17T08:24:51","slug":"g-146","status":"publish","type":"product","link":"https:\/\/rayt.com\/ca\/producto\/g-146\/","title":{"rendered":"G-146"},"content":{"rendered":"<p>ADHESIU SINT\u00c8TIC PER ETIQUETATGE DE LLAUNES MET\u00c0L\u00b7LIQUES (SEGONA ESTACI\u00d3).<br \/>\nAdhesiu per a l&#8217;etiquetatge en m\u00e0quines autom\u00e0tiques a la segona part del proc\u00e9s d&#8217;etiquetatge de llaunes met\u00e0l\u00b7liques (solapament paper-paper\/tancat de l&#8217;etiqueta).<\/p>\n<h4>CARACTER\u00cdSTIQUES<\/h4>\n<p>Excel\u00b7lent adhesi\u00f3 a la majoria de cautx\u00fas utilitzats en la fabricaci\u00f3 de cal\u00e7at.<br \/>\nAdhesi\u00f3 de paper, fusta o tauler a substrats dif\u00edcils: metall, pl\u00e0stic o goma.<br \/>\nAplicaci\u00f3 per injector, corr\u00f3 o manual.<\/p>\n","protected":false},"excerpt":{"rendered":"<p>ADHESIU SINT\u00c8TIC PER ETIQUETATGE DE LLAUNES MET\u00c0L\u00b7LIQUES (SEGONA ESTACI\u00d3). Adhesiu<\/p>\n","protected":false},"featured_media":2962,"comment_status":"open","ping_status":"closed","template":"","meta":{"_acf_changed":false},"product_cat":[1658,745,967,958,600],"product_tag":[],"acf":[],"_links":{"self":[{"href":"https:\/\/rayt.com\/ca\/wp-json\/wp\/v2\/product\/3180"}],"collection":[{"href":"https:\/\/rayt.com\/ca\/wp-json\/wp\/v2\/product"}],"about":[{"href":"https:\/\/rayt.com\/ca\/wp-json\/wp\/v2\/types\/product"}],"replies":[{"embeddable":true,"href":"https:\/\/rayt.com\/ca\/wp-json\/wp\/v2\/comments?post=3180"}],"wp:featuredmedia":[{"embeddable":true,"href":"https:\/\/rayt.com\/ca\/wp-json\/wp\/v2\/media\/2962"}],"wp:attachment":[{"href":"https:\/\/rayt.com\/ca\/wp-json\/wp\/v2\/media?parent=3180"}],"wp:term":[{"taxonomy":"product_cat","embeddable":true,"href":"https:\/\/rayt.com\/ca\/wp-json\/wp\/v2\/product_cat?post=3180"},{"taxonomy":"product_tag","embeddable":true,"href":"https:\/\/rayt.com\/ca\/wp-json\/wp\/v2\/product_tag?post=3180"}],"curies":[{"name":"wp","href":"https:\/\/api.w.org\/{rel}","templated":true}]}}