{"id":3195,"date":"2020-11-04T11:25:55","date_gmt":"2020-12-15T10:39:11","guid":{"rendered":"http:\/\/rayt.com\/?post_type=product&#038;p=3195"},"modified":"2021-02-22T07:48:50","modified_gmt":"2021-02-22T07:48:50","slug":"g-6825","status":"publish","type":"product","link":"https:\/\/rayt.com\/ca\/producto\/g-6825\/","title":{"rendered":"G-6825"},"content":{"rendered":"<p>CERA TERMOFUSIBLE PER SEPARACI\u00d3 DE RAJOLES.<br \/>\nCera protectora per a la separaci\u00f3 de les diferents rajoles durant el seu envasat i transport.<\/p>\n<h4>CARACTER\u00cdSTIQUES<\/h4>\n<p>Adhesiu per a la protecci\u00f3 de llosetes cer\u00e0miques, utilitzable quan la temperatura de les llosetes \u00e9s temperada o freda.<br \/>\nF\u00e0cilment retirable, no taca la lloseta.<br \/>\nTemperatura d&#8217;aplicaci\u00f3: 150-170\u00baC.<\/p>\n","protected":false},"excerpt":{"rendered":"<p>CERA TERMOFUSIBLE PER SEPARACI\u00d3 DE RAJOLES. Cera protectora per a<\/p>\n","protected":false},"featured_media":3184,"comment_status":"open","ping_status":"closed","template":"","meta":{"_acf_changed":false},"product_cat":[748,745,600],"product_tag":[],"acf":[],"_links":{"self":[{"href":"https:\/\/rayt.com\/ca\/wp-json\/wp\/v2\/product\/3195"}],"collection":[{"href":"https:\/\/rayt.com\/ca\/wp-json\/wp\/v2\/product"}],"about":[{"href":"https:\/\/rayt.com\/ca\/wp-json\/wp\/v2\/types\/product"}],"replies":[{"embeddable":true,"href":"https:\/\/rayt.com\/ca\/wp-json\/wp\/v2\/comments?post=3195"}],"wp:featuredmedia":[{"embeddable":true,"href":"https:\/\/rayt.com\/ca\/wp-json\/wp\/v2\/media\/3184"}],"wp:attachment":[{"href":"https:\/\/rayt.com\/ca\/wp-json\/wp\/v2\/media?parent=3195"}],"wp:term":[{"taxonomy":"product_cat","embeddable":true,"href":"https:\/\/rayt.com\/ca\/wp-json\/wp\/v2\/product_cat?post=3195"},{"taxonomy":"product_tag","embeddable":true,"href":"https:\/\/rayt.com\/ca\/wp-json\/wp\/v2\/product_tag?post=3195"}],"curies":[{"name":"wp","href":"https:\/\/api.w.org\/{rel}","templated":true}]}}