{"id":3198,"date":"2020-11-06T08:21:12","date_gmt":"2020-12-15T10:52:32","guid":{"rendered":"http:\/\/rayt.com\/?post_type=product&#038;p=3198"},"modified":"2021-02-19T12:25:10","modified_gmt":"2021-02-19T12:25:10","slug":"g-190-tu","status":"publish","type":"product","link":"https:\/\/rayt.com\/ca\/producto\/g-190-tu\/","title":{"rendered":"G-190-TU"},"content":{"rendered":"<p>ADHESIU SINT\u00c8TIC EN DISPERSI\u00d3 AQUOSA PER LA FABRICACI\u00d3 DE TUBS DE PAPER. M\u00c0QUINES D&#8217;ALTA VELOCITAT.<br \/>\nAdhesiu adequat per la fabricaci\u00f3 de tub en espiral en m\u00e0quines convencionals.<\/p>\n<h4>CARACTER\u00cdSTIQUES<\/h4>\n<p>M\u00e0quines de mitjana-alta velocitat.<br \/>\nExcel\u00b7lent tack en humit.<br \/>\nNul\u00b7la formaci\u00f3 de fils.<br \/>\nCompleix amb FDA 175.105 per a contacte indirecte amb aliments.<\/p>\n","protected":false},"excerpt":{"rendered":"<p>ADHESIU SINT\u00c8TIC EN DISPERSI\u00d3 AQUOSA PER LA FABRICACI\u00d3 DE TUBS<\/p>\n","protected":false},"featured_media":2961,"comment_status":"open","ping_status":"closed","template":"","meta":{"_acf_changed":false},"product_cat":[1344,1798,651,1065,1339,600,770,741,738],"product_tag":[],"acf":[],"_links":{"self":[{"href":"https:\/\/rayt.com\/ca\/wp-json\/wp\/v2\/product\/3198"}],"collection":[{"href":"https:\/\/rayt.com\/ca\/wp-json\/wp\/v2\/product"}],"about":[{"href":"https:\/\/rayt.com\/ca\/wp-json\/wp\/v2\/types\/product"}],"replies":[{"embeddable":true,"href":"https:\/\/rayt.com\/ca\/wp-json\/wp\/v2\/comments?post=3198"}],"wp:featuredmedia":[{"embeddable":true,"href":"https:\/\/rayt.com\/ca\/wp-json\/wp\/v2\/media\/2961"}],"wp:attachment":[{"href":"https:\/\/rayt.com\/ca\/wp-json\/wp\/v2\/media?parent=3198"}],"wp:term":[{"taxonomy":"product_cat","embeddable":true,"href":"https:\/\/rayt.com\/ca\/wp-json\/wp\/v2\/product_cat?post=3198"},{"taxonomy":"product_tag","embeddable":true,"href":"https:\/\/rayt.com\/ca\/wp-json\/wp\/v2\/product_tag?post=3198"}],"curies":[{"name":"wp","href":"https:\/\/api.w.org\/{rel}","templated":true}]}}