{"id":3201,"date":"2020-11-06T08:25:45","date_gmt":"2020-12-15T11:01:56","guid":{"rendered":"http:\/\/rayt.com\/?post_type=product&#038;p=3201"},"modified":"2021-02-19T12:25:57","modified_gmt":"2021-02-19T12:25:57","slug":"g-192-tu-bv","status":"publish","type":"product","link":"https:\/\/rayt.com\/ca\/producto\/g-192-tu-bv\/","title":{"rendered":"G-192-TU BV"},"content":{"rendered":"<p>ADHESIU SINT\u00c8TIC EN DISPERSI\u00d3 AQUOSA PER A LA FABRICACI\u00d3 DE TUBS DE PAPER. BAIXA VISCOSITAT.<br \/>\nAdhesiu especialment formulat per transmetre un enganxat segur en la fabricaci\u00f3 de mandrils especials, pots, anelles, permetent treballar a altes velocitats.<br \/>\nCola d&#8217;altes prestacions, amb molt bon rendiment.<\/p>\n<h4>CARACTER\u00cdSTIQUES<\/h4>\n<p>Fabricaci\u00f3 de tub en espiral en m\u00e0quines de mitja velocitat, emprant papers porosos convencionals.<br \/>\nExent de c\u00e0rregues.<br \/>\nCompleix amb FDA 175.105 per a contacte indirecte amb aliments.<\/p>\n","protected":false},"excerpt":{"rendered":"<p>ADHESIU SINT\u00c8TIC EN DISPERSI\u00d3 AQUOSA PER A LA FABRICACI\u00d3 DE<\/p>\n","protected":false},"featured_media":2961,"comment_status":"open","ping_status":"closed","template":"","meta":{"_acf_changed":false},"product_cat":[1344,1798,651,1065,1339,600,770,741,738],"product_tag":[],"acf":[],"_links":{"self":[{"href":"https:\/\/rayt.com\/ca\/wp-json\/wp\/v2\/product\/3201"}],"collection":[{"href":"https:\/\/rayt.com\/ca\/wp-json\/wp\/v2\/product"}],"about":[{"href":"https:\/\/rayt.com\/ca\/wp-json\/wp\/v2\/types\/product"}],"replies":[{"embeddable":true,"href":"https:\/\/rayt.com\/ca\/wp-json\/wp\/v2\/comments?post=3201"}],"wp:featuredmedia":[{"embeddable":true,"href":"https:\/\/rayt.com\/ca\/wp-json\/wp\/v2\/media\/2961"}],"wp:attachment":[{"href":"https:\/\/rayt.com\/ca\/wp-json\/wp\/v2\/media?parent=3201"}],"wp:term":[{"taxonomy":"product_cat","embeddable":true,"href":"https:\/\/rayt.com\/ca\/wp-json\/wp\/v2\/product_cat?post=3201"},{"taxonomy":"product_tag","embeddable":true,"href":"https:\/\/rayt.com\/ca\/wp-json\/wp\/v2\/product_tag?post=3201"}],"curies":[{"name":"wp","href":"https:\/\/api.w.org\/{rel}","templated":true}]}}