{"id":3209,"date":"2020-11-06T08:31:20","date_gmt":"2020-12-15T11:21:05","guid":{"rendered":"http:\/\/rayt.com\/?post_type=product&#038;p=3209"},"modified":"2021-02-19T12:29:14","modified_gmt":"2021-02-19T12:29:14","slug":"g-195-tu","status":"publish","type":"product","link":"https:\/\/rayt.com\/ca\/producto\/g-195-tu\/","title":{"rendered":"G-195-TU"},"content":{"rendered":"<p>ADHESIU SINT\u00c8TIC EN DISPERSI\u00d3 AQUOSA PER LA FABRICACI\u00d3 DE TUBS DE PAPER. VERS\u00c0TIL.<br \/>\nAdhesiu adequat per la fabricaci\u00f3 de tub en espiral en m\u00e0quines de mitjana velocitat, amb papers porosos convencionals.<br \/>\nTamb\u00e9 molt adequat per al contraencolat de cartr\u00f3, cartronet i microcanal en m\u00e0quines autom\u00e0tiques amb format o bobina.<\/p>\n<h4>CARACTER\u00cdSTIQUES<\/h4>\n<p>Contraencolat de cartr\u00f3, cartronet i microcanal en m\u00e0quines autom\u00e0tiques (TRILAM, HISPALAM, \u0085), partint de format o de bobina.<br \/>\nFabricaci\u00f3 de tub en espiral en m\u00e0quines de mitja velocitat, emprant papers porosos convencionals.<br \/>\nCompleix amb FDA 175.105 per a contacte indirecte amb aliments.<\/p>\n","protected":false},"excerpt":{"rendered":"<p>ADHESIU SINT\u00c8TIC EN DISPERSI\u00d3 AQUOSA PER LA FABRICACI\u00d3 DE TUBS<\/p>\n","protected":false},"featured_media":2961,"comment_status":"open","ping_status":"closed","template":"","meta":{"_acf_changed":false},"product_cat":[1344,1798,651,1065,1339,600,770,741,738],"product_tag":[],"acf":[],"_links":{"self":[{"href":"https:\/\/rayt.com\/ca\/wp-json\/wp\/v2\/product\/3209"}],"collection":[{"href":"https:\/\/rayt.com\/ca\/wp-json\/wp\/v2\/product"}],"about":[{"href":"https:\/\/rayt.com\/ca\/wp-json\/wp\/v2\/types\/product"}],"replies":[{"embeddable":true,"href":"https:\/\/rayt.com\/ca\/wp-json\/wp\/v2\/comments?post=3209"}],"wp:featuredmedia":[{"embeddable":true,"href":"https:\/\/rayt.com\/ca\/wp-json\/wp\/v2\/media\/2961"}],"wp:attachment":[{"href":"https:\/\/rayt.com\/ca\/wp-json\/wp\/v2\/media?parent=3209"}],"wp:term":[{"taxonomy":"product_cat","embeddable":true,"href":"https:\/\/rayt.com\/ca\/wp-json\/wp\/v2\/product_cat?post=3209"},{"taxonomy":"product_tag","embeddable":true,"href":"https:\/\/rayt.com\/ca\/wp-json\/wp\/v2\/product_tag?post=3209"}],"curies":[{"name":"wp","href":"https:\/\/api.w.org\/{rel}","templated":true}]}}