{"id":3225,"date":"2020-10-28T11:33:32","date_gmt":"2020-10-28T11:33:32","guid":{"rendered":"http:\/\/rayt.com\/?post_type=product&#038;p=3225"},"modified":"2021-02-18T08:30:12","modified_gmt":"2021-02-18T08:30:12","slug":"ma-1490-a","status":"publish","type":"product","link":"https:\/\/rayt.com\/ca\/producto\/ma-1490-a\/","title":{"rendered":"MA-1490-A"},"content":{"rendered":"<div id=\"description_content\" class=\"rte align_justify\">\n<p>COLA BLANCA D3 D&#8217;ALTA QUALITAT PER MOBLE I FUSTA. CERTIFICADA.<\/p>\n<\/div>\n<div id=\"description_content\" class=\"rte align_justify\">\n<p>Adhesiu d&#8217;\u00fas general per ensamblatje, clavilles, aplacat de xapa de fusta o estratificats en premsa freda o calenta, i qualsevol altra aplicaci\u00f3 de fusteria o ebenisteria.<br \/>\nPosseeix el certificat D3\/D4 (EN204\/205) d&#8217;AIDIMA.<\/p>\n<\/div>\n<h4>CARACTER\u00cdSTIQUES<\/h4>\n<p>Excel\u00b7lent penetraci\u00f3 en la fusta, adequat en totes aquelles aplicacions en qu\u00e8 s&#8217;exigeixi bona resist\u00e8ncia a l&#8217;aigua, a la calor i a la tracci\u00f3.<br \/>\nResistent a la humitat, compleix EN 204 D3, amb enduridor compleix EN 204 D4.<br \/>\nAplicable mitjan\u00e7ant encoladora de corrons, brotxa, pinzell, etc.<br \/>\nMolt poca coloraci\u00f3 amb fustes sensibles.<\/p>\n","protected":false},"excerpt":{"rendered":"<p>COLA BLANCA D3 D&#8217;ALTA QUALITAT PER MOBLE I FUSTA. CERTIFICADA.<\/p>\n","protected":false},"featured_media":2982,"comment_status":"open","ping_status":"closed","template":"","meta":{"_acf_changed":false},"product_cat":[814,1461,1512,1640,1646,1651,898,600,883,755,907,817,880],"product_tag":[],"acf":[],"_links":{"self":[{"href":"https:\/\/rayt.com\/ca\/wp-json\/wp\/v2\/product\/3225"}],"collection":[{"href":"https:\/\/rayt.com\/ca\/wp-json\/wp\/v2\/product"}],"about":[{"href":"https:\/\/rayt.com\/ca\/wp-json\/wp\/v2\/types\/product"}],"replies":[{"embeddable":true,"href":"https:\/\/rayt.com\/ca\/wp-json\/wp\/v2\/comments?post=3225"}],"wp:featuredmedia":[{"embeddable":true,"href":"https:\/\/rayt.com\/ca\/wp-json\/wp\/v2\/media\/2982"}],"wp:attachment":[{"href":"https:\/\/rayt.com\/ca\/wp-json\/wp\/v2\/media?parent=3225"}],"wp:term":[{"taxonomy":"product_cat","embeddable":true,"href":"https:\/\/rayt.com\/ca\/wp-json\/wp\/v2\/product_cat?post=3225"},{"taxonomy":"product_tag","embeddable":true,"href":"https:\/\/rayt.com\/ca\/wp-json\/wp\/v2\/product_tag?post=3225"}],"curies":[{"name":"wp","href":"https:\/\/api.w.org\/{rel}","templated":true}]}}