{"id":3226,"date":"2020-11-06T08:39:33","date_gmt":"2020-12-15T11:50:21","guid":{"rendered":"http:\/\/rayt.com\/?post_type=product&#038;p=3226"},"modified":"2021-02-19T12:05:32","modified_gmt":"2021-02-19T12:05:32","slug":"g-191-tu","status":"publish","type":"product","link":"https:\/\/rayt.com\/ca\/producto\/g-191-tu\/","title":{"rendered":"G-191-TU"},"content":{"rendered":"<p>ADHESIU SINT\u00c8TIC EN DISPERSI\u00d3 AQUOSA PER LA FABRICACI\u00d3 DE TUBS DE PAPER. TUB EN PARAL\u00b7LEL, PAPERS DIF\u00cdCILS.<br \/>\nAdhesiu especialment formulat per la fabricaci\u00f3 de tub en paral\u00b7lel o en espiral amb papers de gramatge i flexibilitat normals.<\/p>\n<h4>CARACTER\u00cdSTIQUES<\/h4>\n<p>Adequat per a tubs de gran di\u00e0metre amb papers d&#8217;alt gramatge i r\u00edgids.<br \/>\nPossibles restes de cola seca no taquen el tub.<br \/>\nExcel\u00b7lent tack en humit.<br \/>\nAbs\u00e8ncia d&#8217;esquitxades.<br \/>\nCompleix amb FDA 175.105 per a contacte indirecte amb aliments.<\/p>\n","protected":false},"excerpt":{"rendered":"<p>ADHESIU SINT\u00c8TIC EN DISPERSI\u00d3 AQUOSA PER LA FABRICACI\u00d3 DE TUBS<\/p>\n","protected":false},"featured_media":2961,"comment_status":"open","ping_status":"closed","template":"","meta":{"_acf_changed":false},"product_cat":[1438,651,600,744,738],"product_tag":[],"acf":[],"_links":{"self":[{"href":"https:\/\/rayt.com\/ca\/wp-json\/wp\/v2\/product\/3226"}],"collection":[{"href":"https:\/\/rayt.com\/ca\/wp-json\/wp\/v2\/product"}],"about":[{"href":"https:\/\/rayt.com\/ca\/wp-json\/wp\/v2\/types\/product"}],"replies":[{"embeddable":true,"href":"https:\/\/rayt.com\/ca\/wp-json\/wp\/v2\/comments?post=3226"}],"wp:featuredmedia":[{"embeddable":true,"href":"https:\/\/rayt.com\/ca\/wp-json\/wp\/v2\/media\/2961"}],"wp:attachment":[{"href":"https:\/\/rayt.com\/ca\/wp-json\/wp\/v2\/media?parent=3226"}],"wp:term":[{"taxonomy":"product_cat","embeddable":true,"href":"https:\/\/rayt.com\/ca\/wp-json\/wp\/v2\/product_cat?post=3226"},{"taxonomy":"product_tag","embeddable":true,"href":"https:\/\/rayt.com\/ca\/wp-json\/wp\/v2\/product_tag?post=3226"}],"curies":[{"name":"wp","href":"https:\/\/api.w.org\/{rel}","templated":true}]}}