{"id":3283,"date":"2020-12-16T08:20:26","date_gmt":"2020-12-16T08:20:26","guid":{"rendered":"http:\/\/rayt.com\/?post_type=product&#038;p=3283"},"modified":"2021-02-22T10:57:36","modified_gmt":"2021-02-22T10:57:36","slug":"novopur-sella-fix-60-copia","status":"publish","type":"product","link":"https:\/\/rayt.com\/ca\/producto\/novopur-sella-fix-60-copia\/","title":{"rendered":"Novopur Sella-Fix 60 (copia)"},"content":{"rendered":"<p>Segellador en base pol\u00edmer h\u00edbrid que fixa i segella sobre superf\u00edcies humides i altres materials com ara acer inoxidable, vidre, coure, granit, PVC, etc. Especial per enganxar miralls, ja que no n&#8217;agredeix el tractament.<\/p>\n","protected":false},"excerpt":{"rendered":"<p>Segellador en base pol\u00edmer h\u00edbrid que fixa i segella sobre<\/p>\n","protected":false},"featured_media":2287,"comment_status":"open","ping_status":"closed","template":"","meta":{"_acf_changed":false},"product_cat":[1456,814,600,755,817],"product_tag":[],"acf":[],"_links":{"self":[{"href":"https:\/\/rayt.com\/ca\/wp-json\/wp\/v2\/product\/3283"}],"collection":[{"href":"https:\/\/rayt.com\/ca\/wp-json\/wp\/v2\/product"}],"about":[{"href":"https:\/\/rayt.com\/ca\/wp-json\/wp\/v2\/types\/product"}],"replies":[{"embeddable":true,"href":"https:\/\/rayt.com\/ca\/wp-json\/wp\/v2\/comments?post=3283"}],"wp:featuredmedia":[{"embeddable":true,"href":"https:\/\/rayt.com\/ca\/wp-json\/wp\/v2\/media\/2287"}],"wp:attachment":[{"href":"https:\/\/rayt.com\/ca\/wp-json\/wp\/v2\/media?parent=3283"}],"wp:term":[{"taxonomy":"product_cat","embeddable":true,"href":"https:\/\/rayt.com\/ca\/wp-json\/wp\/v2\/product_cat?post=3283"},{"taxonomy":"product_tag","embeddable":true,"href":"https:\/\/rayt.com\/ca\/wp-json\/wp\/v2\/product_tag?post=3283"}],"curies":[{"name":"wp","href":"https:\/\/api.w.org\/{rel}","templated":true}]}}