{"id":3293,"date":"2020-12-16T08:40:48","date_gmt":"2020-12-16T08:40:49","guid":{"rendered":"http:\/\/rayt.com\/?post_type=product&#038;p=3293"},"modified":"2023-04-25T14:44:51","modified_gmt":"2023-04-25T14:44:51","slug":"pu-500-copia","status":"publish","type":"product","link":"https:\/\/rayt.com\/ca\/producto\/pu-500-copia\/","title":{"rendered":"PU-500 (industria)"},"content":{"rendered":"<p>Adhesiu de poliuret\u00e0 monocomponent, amb propietats de farciment, en la instal\u00b7laci\u00f3 de pedestals met\u00e0l\u00b7lics per a terres t\u00e8cnics. S&#8217;endureix per reacci\u00f3 a la humitat.<br \/>\nAdequat tamb\u00e9 per encolar parquet laminat. Compleix la norma UNE EN 204, D4.<\/p>\n<h4>CARACTER\u00cdSTIQUES<\/h4>\n<p>Rendiment estimat: 8-10 g per pivot de terra t\u00e8cnic.<\/p>\n<p>&nbsp;<\/p>\n<p><strong>Per a un \u00fas segur de l&#8217;escuma que cont\u00e9 diisocianats, oferim als nostres usuaris una formaci\u00f3 en seguretat; obligat\u00f2ria per a usuaris professionals i industrials.<\/strong><\/p>\n<p><a class=\"fasc-button fasc-size-large fasc-type-flat fasc-style-bold\" style=\"background-color: #ff010b; color: #ffffff;\" target=\"_blank\" rel=\"noopener noreferrer\" href=\"https:\/\/isopa-aisbl.idloom.events\/048-es\">Oferim formaci\u00f3 gratu\u00efta en l\u00ednia, aix\u00ed com certificat final de realitzaci\u00f3, amb el codi seg\u00fcent: FEICA_21_N3<\/a><\/p>\n","protected":false},"excerpt":{"rendered":"<p>Adhesiu de poliuret\u00e0 monocomponent, amb propietats de farciment, en la<\/p>\n","protected":false},"featured_media":5697,"comment_status":"open","ping_status":"closed","template":"","meta":{"_acf_changed":false},"product_cat":[1456,814,600,755,817],"product_tag":[],"acf":[],"_links":{"self":[{"href":"https:\/\/rayt.com\/ca\/wp-json\/wp\/v2\/product\/3293"}],"collection":[{"href":"https:\/\/rayt.com\/ca\/wp-json\/wp\/v2\/product"}],"about":[{"href":"https:\/\/rayt.com\/ca\/wp-json\/wp\/v2\/types\/product"}],"replies":[{"embeddable":true,"href":"https:\/\/rayt.com\/ca\/wp-json\/wp\/v2\/comments?post=3293"}],"wp:featuredmedia":[{"embeddable":true,"href":"https:\/\/rayt.com\/ca\/wp-json\/wp\/v2\/media\/5697"}],"wp:attachment":[{"href":"https:\/\/rayt.com\/ca\/wp-json\/wp\/v2\/media?parent=3293"}],"wp:term":[{"taxonomy":"product_cat","embeddable":true,"href":"https:\/\/rayt.com\/ca\/wp-json\/wp\/v2\/product_cat?post=3293"},{"taxonomy":"product_tag","embeddable":true,"href":"https:\/\/rayt.com\/ca\/wp-json\/wp\/v2\/product_tag?post=3293"}],"curies":[{"name":"wp","href":"https:\/\/api.w.org\/{rel}","templated":true}]}}