{"id":3298,"date":"2020-10-29T08:52:37","date_gmt":"2020-12-16T08:46:00","guid":{"rendered":"http:\/\/rayt.com\/?post_type=product&#038;p=3298"},"modified":"2021-03-01T11:19:29","modified_gmt":"2021-03-01T11:19:29","slug":"pu-505-poliuretano","status":"publish","type":"product","link":"https:\/\/rayt.com\/ca\/producto\/pu-505-poliuretano\/","title":{"rendered":"PU-505 POLIURETANO"},"content":{"rendered":"<div id=\"description_content\" class=\"rte align_justify\">\n<p>ADHESIU DE POLIURET\u00c0 MONOCOMPONENT PER ENCOLATS RESISTENTS A LA INTEMP\u00c8RIE. ALTA QUALITAT.<\/p>\n<\/div>\n<div id=\"description_content\" class=\"rte align_justify\">\n<p>Adhesiu a base de poliuret\u00e0 adequat per fusta (fins i tot tropicals), guix, metall, formig\u00f3, escuma a\u00efllant, panells de llana mineral, teules i altres materials. Resistent a la humitat D4 (EN204\/205).<\/p>\n<\/div>\n<h4>CARACTER\u00cdSTIQUES<\/h4>\n<p>Adequat per fustes ex\u00f2tiques i grasses, metall, formig\u00f3, etc.<br \/>\nAlta resist\u00e8ncia a la humitat (D4 segons EN-204<br \/>\nAdhesiu de poliuret\u00e0 monocomponent.<br \/>\nAdequat per interior i exterior.<\/p>\n","protected":false},"excerpt":{"rendered":"<p>ADHESIU DE POLIURET\u00c0 MONOCOMPONENT PER ENCOLATS RESISTENTS A LA INTEMP\u00c8RIE.<\/p>\n","protected":false},"featured_media":3300,"comment_status":"open","ping_status":"closed","template":"","meta":{"_acf_changed":false},"product_cat":[1456,1526,1635,814,853,898,600,755,850,862,907],"product_tag":[],"acf":[],"_links":{"self":[{"href":"https:\/\/rayt.com\/ca\/wp-json\/wp\/v2\/product\/3298"}],"collection":[{"href":"https:\/\/rayt.com\/ca\/wp-json\/wp\/v2\/product"}],"about":[{"href":"https:\/\/rayt.com\/ca\/wp-json\/wp\/v2\/types\/product"}],"replies":[{"embeddable":true,"href":"https:\/\/rayt.com\/ca\/wp-json\/wp\/v2\/comments?post=3298"}],"wp:featuredmedia":[{"embeddable":true,"href":"https:\/\/rayt.com\/ca\/wp-json\/wp\/v2\/media\/3300"}],"wp:attachment":[{"href":"https:\/\/rayt.com\/ca\/wp-json\/wp\/v2\/media?parent=3298"}],"wp:term":[{"taxonomy":"product_cat","embeddable":true,"href":"https:\/\/rayt.com\/ca\/wp-json\/wp\/v2\/product_cat?post=3298"},{"taxonomy":"product_tag","embeddable":true,"href":"https:\/\/rayt.com\/ca\/wp-json\/wp\/v2\/product_tag?post=3298"}],"curies":[{"name":"wp","href":"https:\/\/api.w.org\/{rel}","templated":true}]}}