{"id":3315,"date":"2020-11-05T11:27:41","date_gmt":"2020-12-16T08:58:51","guid":{"rendered":"http:\/\/rayt.com\/?post_type=product&#038;p=3315"},"modified":"2021-02-19T11:58:43","modified_gmt":"2021-02-19T11:58:43","slug":"g-153-en-2","status":"publish","type":"product","link":"https:\/\/rayt.com\/ca\/producto\/g-153-en-2\/","title":{"rendered":"G-153-EN 2"},"content":{"rendered":"<p>ADHESIU EN DISPERSI\u00d3 AQUOSA PER A LA COSTURA LONGITUDINAL DE CAIXES DE CARTR\u00d3.<br \/>\nAdhesiu indicat per l&#8217;encolat de la costura longitudinal d&#8217;estoigs de cartronet estucat i caixes de cartr\u00f3 ondulat en m\u00e0quines autom\u00e0tiques d&#8217;alta velocitat, prove\u00efdes d&#8217;aplicadors de disc, de corr\u00f3 o injector.<\/p>\n<h4>CARACTER\u00cdSTIQUES<\/h4>\n<p>Costura longitudinal d&#8217;estoigs de cartonet estucat, caixes de fons autom\u00e0tic, caixes de cartr\u00f3 ondulat, segellat de bosses, confecci\u00f3 de safates, etc.<br \/>\nAplicaci\u00f3 per injecci\u00f3, disc o corr\u00f3.<br \/>\nTack elevat en humit.<br \/>\nExent de c\u00e0rregues.<br \/>\nCompleix amb FDA 175.105 per a contacte indirecte amb aliments.<\/p>\n","protected":false},"excerpt":{"rendered":"<p>ADHESIU EN DISPERSI\u00d3 AQUOSA PER A LA COSTURA LONGITUDINAL DE<\/p>\n","protected":false},"featured_media":3045,"comment_status":"open","ping_status":"closed","template":"","meta":{"_acf_changed":false},"product_cat":[1424,1432,1436,651,732,708,711,1549,730,600,1481],"product_tag":[],"acf":[],"_links":{"self":[{"href":"https:\/\/rayt.com\/ca\/wp-json\/wp\/v2\/product\/3315"}],"collection":[{"href":"https:\/\/rayt.com\/ca\/wp-json\/wp\/v2\/product"}],"about":[{"href":"https:\/\/rayt.com\/ca\/wp-json\/wp\/v2\/types\/product"}],"replies":[{"embeddable":true,"href":"https:\/\/rayt.com\/ca\/wp-json\/wp\/v2\/comments?post=3315"}],"wp:featuredmedia":[{"embeddable":true,"href":"https:\/\/rayt.com\/ca\/wp-json\/wp\/v2\/media\/3045"}],"wp:attachment":[{"href":"https:\/\/rayt.com\/ca\/wp-json\/wp\/v2\/media?parent=3315"}],"wp:term":[{"taxonomy":"product_cat","embeddable":true,"href":"https:\/\/rayt.com\/ca\/wp-json\/wp\/v2\/product_cat?post=3315"},{"taxonomy":"product_tag","embeddable":true,"href":"https:\/\/rayt.com\/ca\/wp-json\/wp\/v2\/product_tag?post=3315"}],"curies":[{"name":"wp","href":"https:\/\/api.w.org\/{rel}","templated":true}]}}