{"id":3323,"date":"2020-11-05T12:06:42","date_gmt":"2020-12-16T09:18:49","guid":{"rendered":"http:\/\/rayt.com\/?post_type=product&#038;p=3323"},"modified":"2021-02-19T11:49:58","modified_gmt":"2021-02-19T11:49:58","slug":"g-174","status":"publish","type":"product","link":"https:\/\/rayt.com\/ca\/producto\/g-174\/","title":{"rendered":"G-174"},"content":{"rendered":"<p>ADHESIU EN DISPERSI\u00d3 AQUOSA PER ESTOIGS. PER MATERIALS DIF\u00cdCILS.<br \/>\nAdhesiu indicat per l&#8217;encolat de materials dif\u00edcils i la formaci\u00f3 de caixes de cartr\u00f3 o cartronet envernissat o tractat, aplicat amb disc o corr\u00f3.<br \/>\nProducte molt resistent a la calor.<\/p>\n<h4>CARACTER\u00cdSTIQUES<\/h4>\n<p>Excel\u00b7lent adhesi\u00f3 a vernissats o plastificats.<br \/>\nElevada rapidesa de fraguat.<br \/>\nAplicaci\u00f3 a corr\u00f3.<br \/>\nCompleix amb FDA 175.105 per a contacte indirecte amb aliments.<\/p>\n","protected":false},"excerpt":{"rendered":"<p>ADHESIU EN DISPERSI\u00d3 AQUOSA PER ESTOIGS. PER MATERIALS DIF\u00cdCILS. Adhesiu<\/p>\n","protected":false},"featured_media":3045,"comment_status":"open","ping_status":"closed","template":"","meta":{"_acf_changed":false},"product_cat":[1432,1436,651,732,1549,730,600,1481],"product_tag":[],"acf":[],"_links":{"self":[{"href":"https:\/\/rayt.com\/ca\/wp-json\/wp\/v2\/product\/3323"}],"collection":[{"href":"https:\/\/rayt.com\/ca\/wp-json\/wp\/v2\/product"}],"about":[{"href":"https:\/\/rayt.com\/ca\/wp-json\/wp\/v2\/types\/product"}],"replies":[{"embeddable":true,"href":"https:\/\/rayt.com\/ca\/wp-json\/wp\/v2\/comments?post=3323"}],"wp:featuredmedia":[{"embeddable":true,"href":"https:\/\/rayt.com\/ca\/wp-json\/wp\/v2\/media\/3045"}],"wp:attachment":[{"href":"https:\/\/rayt.com\/ca\/wp-json\/wp\/v2\/media?parent=3323"}],"wp:term":[{"taxonomy":"product_cat","embeddable":true,"href":"https:\/\/rayt.com\/ca\/wp-json\/wp\/v2\/product_cat?post=3323"},{"taxonomy":"product_tag","embeddable":true,"href":"https:\/\/rayt.com\/ca\/wp-json\/wp\/v2\/product_tag?post=3323"}],"curies":[{"name":"wp","href":"https:\/\/api.w.org\/{rel}","templated":true}]}}