{"id":3331,"date":"2020-11-05T12:12:44","date_gmt":"2020-12-16T09:29:31","guid":{"rendered":"http:\/\/rayt.com\/?post_type=product&#038;p=3331"},"modified":"2021-02-19T11:38:52","modified_gmt":"2021-02-19T11:38:52","slug":"g-164-cv","status":"publish","type":"product","link":"https:\/\/rayt.com\/ca\/producto\/g-164-cv\/","title":{"rendered":"G-164-CV"},"content":{"rendered":"<p>ADHESIU EN DISPERSI\u00d3 AQUOSA PER ESTOIGS. FINESTRETES.<br \/>\nAdhesiu per l&#8217;encolat de finestretes de cel\u00b7lofana, PVC, poliestir\u00e8, etc. en caixes i estoigs de cartr\u00f3 i cartronet estucat, tant en m\u00e0quina com manualment.<\/p>\n<h4>CARACTER\u00cdSTIQUES<\/h4>\n<p>Utilitzable en la majoria de m\u00e0quines convencionals.<br \/>\nBona adhesi\u00f3 a cel\u00b7lofana, poli\u00e8ster, PVC, etc.<br \/>\nAplicaci\u00f3 per disc o corr\u00f3.<br \/>\nNo fa arrugues.<br \/>\nCompleix amb FDA 175.105 per a contacte indirecte amb aliments.<\/p>\n","protected":false},"excerpt":{"rendered":"<p>ADHESIU EN DISPERSI\u00d3 AQUOSA PER ESTOIGS. FINESTRETES. Adhesiu per l&#8217;encolat<\/p>\n","protected":false},"featured_media":3045,"comment_status":"open","ping_status":"closed","template":"","meta":{"_acf_changed":false},"product_cat":[1434,651,735,730,600],"product_tag":[],"acf":[],"_links":{"self":[{"href":"https:\/\/rayt.com\/ca\/wp-json\/wp\/v2\/product\/3331"}],"collection":[{"href":"https:\/\/rayt.com\/ca\/wp-json\/wp\/v2\/product"}],"about":[{"href":"https:\/\/rayt.com\/ca\/wp-json\/wp\/v2\/types\/product"}],"replies":[{"embeddable":true,"href":"https:\/\/rayt.com\/ca\/wp-json\/wp\/v2\/comments?post=3331"}],"wp:featuredmedia":[{"embeddable":true,"href":"https:\/\/rayt.com\/ca\/wp-json\/wp\/v2\/media\/3045"}],"wp:attachment":[{"href":"https:\/\/rayt.com\/ca\/wp-json\/wp\/v2\/media?parent=3331"}],"wp:term":[{"taxonomy":"product_cat","embeddable":true,"href":"https:\/\/rayt.com\/ca\/wp-json\/wp\/v2\/product_cat?post=3331"},{"taxonomy":"product_tag","embeddable":true,"href":"https:\/\/rayt.com\/ca\/wp-json\/wp\/v2\/product_tag?post=3331"}],"curies":[{"name":"wp","href":"https:\/\/api.w.org\/{rel}","templated":true}]}}