{"id":3345,"date":"2020-11-06T09:04:16","date_gmt":"2020-12-16T09:58:00","guid":{"rendered":"http:\/\/rayt.com\/?post_type=product&#038;p=3345"},"modified":"2021-02-19T11:31:11","modified_gmt":"2021-02-19T11:31:11","slug":"g-1338-li","status":"publish","type":"product","link":"https:\/\/rayt.com\/ca\/producto\/g-1338-li\/","title":{"rendered":"G-1338-LI"},"content":{"rendered":"<p>ADHESIU SINT\u00c8TIC PER PAPER I CARTR\u00d3. MOLT ALTA VELOCITAT DE ENDURIMENT.<br \/>\nAdhesiu de viscositat mitjana i alt contingut en s\u00f2lids per a aplicacions on es requereixi un enduriment extraordin\u00e0riament r\u00e0pid.<\/p>\n<h4>CARACTER\u00cdSTIQUES<\/h4>\n<p>Muntatge dels separadors d&#8217;ampolles de les caixes de cartr\u00f3.<br \/>\nBon balan\u00e7 de tack en humit i rapidesa d&#8217;assecat.<br \/>\n\u00d2ptim per a m\u00e0quines molt r\u00e0pides.<\/p>\n","protected":false},"excerpt":{"rendered":"<p>ADHESIU SINT\u00c8TIC PER PAPER I CARTR\u00d3. MOLT ALTA VELOCITAT DE<\/p>\n","protected":false},"featured_media":2961,"comment_status":"open","ping_status":"closed","template":"","meta":{"_acf_changed":false},"product_cat":[1430,723,651,714,600],"product_tag":[],"acf":[],"_links":{"self":[{"href":"https:\/\/rayt.com\/ca\/wp-json\/wp\/v2\/product\/3345"}],"collection":[{"href":"https:\/\/rayt.com\/ca\/wp-json\/wp\/v2\/product"}],"about":[{"href":"https:\/\/rayt.com\/ca\/wp-json\/wp\/v2\/types\/product"}],"replies":[{"embeddable":true,"href":"https:\/\/rayt.com\/ca\/wp-json\/wp\/v2\/comments?post=3345"}],"wp:featuredmedia":[{"embeddable":true,"href":"https:\/\/rayt.com\/ca\/wp-json\/wp\/v2\/media\/2961"}],"wp:attachment":[{"href":"https:\/\/rayt.com\/ca\/wp-json\/wp\/v2\/media?parent=3345"}],"wp:term":[{"taxonomy":"product_cat","embeddable":true,"href":"https:\/\/rayt.com\/ca\/wp-json\/wp\/v2\/product_cat?post=3345"},{"taxonomy":"product_tag","embeddable":true,"href":"https:\/\/rayt.com\/ca\/wp-json\/wp\/v2\/product_tag?post=3345"}],"curies":[{"name":"wp","href":"https:\/\/api.w.org\/{rel}","templated":true}]}}