{"id":3398,"date":"2020-11-06T09:06:25","date_gmt":"2020-12-16T10:33:39","guid":{"rendered":"http:\/\/rayt.com\/?post_type=product&#038;p=3398"},"modified":"2021-02-19T11:37:35","modified_gmt":"2021-02-19T11:37:35","slug":"g-27-lm","status":"publish","type":"product","link":"https:\/\/rayt.com\/ca\/producto\/g-27-lm\/","title":{"rendered":"G-27-LM"},"content":{"rendered":"<p>ADHESIU EN DISPERSI\u00d3 AQUOSA PER LAMINACI\u00d3 DE POLIPROPIL\u00c9\/PAPER.<br \/>\nAdhesiu en dispersi\u00f3 aquosa per l&#8217;encolat de film de polipropil\u00e8 sobre paper impr\u00e8s.<\/p>\n<h4>CARACTER\u00cdSTIQUES<\/h4>\n<p>Utilitzable en la majoria de m\u00e0quines convencionals.<br \/>\nExcel\u00b7lent adhesi\u00f3 tinta-OPP.<br \/>\nElevada lluentor final.<\/p>\n","protected":false},"excerpt":{"rendered":"<p>ADHESIU EN DISPERSI\u00d3 AQUOSA PER LAMINACI\u00d3 DE POLIPROPIL\u00c9\/PAPER. Adhesiu en<\/p>\n","protected":false},"featured_media":2961,"comment_status":"open","ping_status":"closed","template":"","meta":{"_acf_changed":false},"product_cat":[1426,719,651,714,600],"product_tag":[],"acf":[],"_links":{"self":[{"href":"https:\/\/rayt.com\/ca\/wp-json\/wp\/v2\/product\/3398"}],"collection":[{"href":"https:\/\/rayt.com\/ca\/wp-json\/wp\/v2\/product"}],"about":[{"href":"https:\/\/rayt.com\/ca\/wp-json\/wp\/v2\/types\/product"}],"replies":[{"embeddable":true,"href":"https:\/\/rayt.com\/ca\/wp-json\/wp\/v2\/comments?post=3398"}],"wp:featuredmedia":[{"embeddable":true,"href":"https:\/\/rayt.com\/ca\/wp-json\/wp\/v2\/media\/2961"}],"wp:attachment":[{"href":"https:\/\/rayt.com\/ca\/wp-json\/wp\/v2\/media?parent=3398"}],"wp:term":[{"taxonomy":"product_cat","embeddable":true,"href":"https:\/\/rayt.com\/ca\/wp-json\/wp\/v2\/product_cat?post=3398"},{"taxonomy":"product_tag","embeddable":true,"href":"https:\/\/rayt.com\/ca\/wp-json\/wp\/v2\/product_tag?post=3398"}],"curies":[{"name":"wp","href":"https:\/\/api.w.org\/{rel}","templated":true}]}}