{"id":3405,"date":"2020-11-06T09:18:15","date_gmt":"2020-12-16T10:55:37","guid":{"rendered":"http:\/\/rayt.com\/?post_type=product&#038;p=3405"},"modified":"2021-02-19T11:26:43","modified_gmt":"2021-02-19T11:26:43","slug":"novopren-25","status":"publish","type":"product","link":"https:\/\/rayt.com\/ca\/producto\/novopren-25\/","title":{"rendered":"NOVOPREN 25"},"content":{"rendered":"<p>ADHESIU A BASE DE POL\u00cdMERS SINT\u00c8TICS DISSOLTS EN ACETAT D&#8217;ETIL. BAIXA TEMPERATURA DE REACTIVACI\u00d3.<br \/>\nAdhesiu adequat per la confecci\u00f3 de c\u00e0psules d&#8217;alumini per la ind\u00fastria de l&#8217;embotellat del vi i el cava.<\/p>\n<h4>CARACTER\u00cdSTIQUES<\/h4>\n<p>Bona adhesi\u00f3 sobre PVC, poliestir\u00e8, alumini, etc.<br \/>\nUtilitzable en les m\u00e0quines habituals.<br \/>\nTermosegellat a partir de 70\u00baC.<br \/>\nCompleix amb FDA 175.105 per a contacte indirecte amb aliments.<\/p>\n","protected":false},"excerpt":{"rendered":"<p>ADHESIU A BASE DE POL\u00cdMERS SINT\u00c8TICS DISSOLTS EN ACETAT D&#8217;ETIL.<\/p>\n","protected":false},"featured_media":2113,"comment_status":"open","ping_status":"closed","template":"","meta":{"_acf_changed":false},"product_cat":[1465,651,714,726,600],"product_tag":[],"acf":[],"_links":{"self":[{"href":"https:\/\/rayt.com\/ca\/wp-json\/wp\/v2\/product\/3405"}],"collection":[{"href":"https:\/\/rayt.com\/ca\/wp-json\/wp\/v2\/product"}],"about":[{"href":"https:\/\/rayt.com\/ca\/wp-json\/wp\/v2\/types\/product"}],"replies":[{"embeddable":true,"href":"https:\/\/rayt.com\/ca\/wp-json\/wp\/v2\/comments?post=3405"}],"wp:featuredmedia":[{"embeddable":true,"href":"https:\/\/rayt.com\/ca\/wp-json\/wp\/v2\/media\/2113"}],"wp:attachment":[{"href":"https:\/\/rayt.com\/ca\/wp-json\/wp\/v2\/media?parent=3405"}],"wp:term":[{"taxonomy":"product_cat","embeddable":true,"href":"https:\/\/rayt.com\/ca\/wp-json\/wp\/v2\/product_cat?post=3405"},{"taxonomy":"product_tag","embeddable":true,"href":"https:\/\/rayt.com\/ca\/wp-json\/wp\/v2\/product_tag?post=3405"}],"curies":[{"name":"wp","href":"https:\/\/api.w.org\/{rel}","templated":true}]}}