{"id":3417,"date":"2020-11-06T09:19:36","date_gmt":"2020-12-16T11:06:55","guid":{"rendered":"http:\/\/rayt.com\/?post_type=product&#038;p=3417"},"modified":"2021-02-19T11:28:27","modified_gmt":"2021-02-19T11:28:27","slug":"novopren-26","status":"publish","type":"product","link":"https:\/\/rayt.com\/ca\/producto\/novopren-26\/","title":{"rendered":"NOVOPREN 26"},"content":{"rendered":"<p>ADHESIU A BASE DE POL\u00cdMERS SINT\u00c8TICS DISSOLTS EN ACETAT D&#8217;ETIL.<br \/>\nAdhesiu adequat per la confecci\u00f3 de c\u00e0psules d&#8217;alumini per la ind\u00fastria de l&#8217;embotellat del vi i el cava. Adequat tamb\u00e9 per blister-pack.<\/p>\n<h4>CARACTER\u00cdSTIQUES<\/h4>\n<p>Aplicable sobre cartr\u00f3 o cartolina, impresos o no.<br \/>\nTemperatura de termosegellat: 120-140\u00baC.<br \/>\nBrillant, flexible i transparent.<br \/>\nAplicable per corr\u00f3, llavi, etc.<br \/>\nExempt de blocking.<br \/>\nCompleix amb FDA 175.105 per a contacte indirecte amb aliments.<\/p>\n","protected":false},"excerpt":{"rendered":"<p>ADHESIU A BASE DE POL\u00cdMERS SINT\u00c8TICS DISSOLTS EN ACETAT D&#8217;ETIL.<\/p>\n","protected":false},"featured_media":2113,"comment_status":"open","ping_status":"closed","template":"","meta":{"_acf_changed":false},"product_cat":[1465,651,714,726,600],"product_tag":[],"acf":[],"_links":{"self":[{"href":"https:\/\/rayt.com\/ca\/wp-json\/wp\/v2\/product\/3417"}],"collection":[{"href":"https:\/\/rayt.com\/ca\/wp-json\/wp\/v2\/product"}],"about":[{"href":"https:\/\/rayt.com\/ca\/wp-json\/wp\/v2\/types\/product"}],"replies":[{"embeddable":true,"href":"https:\/\/rayt.com\/ca\/wp-json\/wp\/v2\/comments?post=3417"}],"wp:featuredmedia":[{"embeddable":true,"href":"https:\/\/rayt.com\/ca\/wp-json\/wp\/v2\/media\/2113"}],"wp:attachment":[{"href":"https:\/\/rayt.com\/ca\/wp-json\/wp\/v2\/media?parent=3417"}],"wp:term":[{"taxonomy":"product_cat","embeddable":true,"href":"https:\/\/rayt.com\/ca\/wp-json\/wp\/v2\/product_cat?post=3417"},{"taxonomy":"product_tag","embeddable":true,"href":"https:\/\/rayt.com\/ca\/wp-json\/wp\/v2\/product_tag?post=3417"}],"curies":[{"name":"wp","href":"https:\/\/api.w.org\/{rel}","templated":true}]}}