{"id":3427,"date":"2020-11-05T11:30:18","date_gmt":"2020-12-16T11:22:54","guid":{"rendered":"http:\/\/rayt.com\/?post_type=product&#038;p=3427"},"modified":"2021-02-19T11:12:16","modified_gmt":"2021-02-19T11:12:16","slug":"g-181-co","status":"publish","type":"product","link":"https:\/\/rayt.com\/ca\/producto\/g-181-co\/","title":{"rendered":"G-181-CO"},"content":{"rendered":"<p>ADHESIU SINT\u00c8TIC EN DISPERSI\u00d3 AQUOSA PER CAIXES DE CARTR\u00d3 ONDULAT. MUNTATGE DE SEPARADORS.<br \/>\nAdhesiu especial per al muntatge dels separadors de cartr\u00f3 en caixes destinades a ampolles de vidre.<\/p>\n<h4>CARACTER\u00cdSTIQUES<\/h4>\n<p>Costura lateral de caixes de cartr\u00f3.<br \/>\nAplicaci\u00f3 per disc o corr\u00f3.<br \/>\nElevat tack en humit.<br \/>\nCompleix amb FDA 175.105 per contacte indirecte amb aliments.<\/p>\n","protected":false},"excerpt":{"rendered":"<p>ADHESIU SINT\u00c8TIC EN DISPERSI\u00d3 AQUOSA PER CAIXES DE CARTR\u00d3 ONDULAT.<\/p>\n","protected":false},"featured_media":3045,"comment_status":"open","ping_status":"closed","template":"","meta":{"_acf_changed":false},"product_cat":[1424,651,708,711,600],"product_tag":[],"acf":[],"_links":{"self":[{"href":"https:\/\/rayt.com\/ca\/wp-json\/wp\/v2\/product\/3427"}],"collection":[{"href":"https:\/\/rayt.com\/ca\/wp-json\/wp\/v2\/product"}],"about":[{"href":"https:\/\/rayt.com\/ca\/wp-json\/wp\/v2\/types\/product"}],"replies":[{"embeddable":true,"href":"https:\/\/rayt.com\/ca\/wp-json\/wp\/v2\/comments?post=3427"}],"wp:featuredmedia":[{"embeddable":true,"href":"https:\/\/rayt.com\/ca\/wp-json\/wp\/v2\/media\/3045"}],"wp:attachment":[{"href":"https:\/\/rayt.com\/ca\/wp-json\/wp\/v2\/media?parent=3427"}],"wp:term":[{"taxonomy":"product_cat","embeddable":true,"href":"https:\/\/rayt.com\/ca\/wp-json\/wp\/v2\/product_cat?post=3427"},{"taxonomy":"product_tag","embeddable":true,"href":"https:\/\/rayt.com\/ca\/wp-json\/wp\/v2\/product_tag?post=3427"}],"curies":[{"name":"wp","href":"https:\/\/api.w.org\/{rel}","templated":true}]}}