{"id":3439,"date":"2020-11-02T09:32:29","date_gmt":"2020-12-16T12:40:19","guid":{"rendered":"http:\/\/rayt.com\/?post_type=product&#038;p=3439"},"modified":"2021-02-15T11:16:18","modified_gmt":"2021-02-15T11:16:18","slug":"novopren-super-pistola","status":"publish","type":"product","link":"https:\/\/rayt.com\/ca\/producto\/novopren-super-pistola\/","title":{"rendered":"Novopren Super Pistola"},"content":{"rendered":"<div id=\"description_content\" class=\"rte align_justify\">\n<p>ADHESIU DE CAUTX\u00da SINT\u00c8TIC DE BAIXA VISCOSITAT PER APLICACI\u00d3 A PISTOLA. STANDARD. TEMPS OBERT LLARG.<\/p>\n<\/div>\n<div id=\"description_content\" class=\"rte align_justify\">\n<p>Adhesiu de contacte en base policloropr\u00e8 i dissolvents per laminaci\u00f3 en pla, encolat de goma, melamina, fusta i altres materials. Aplicaci\u00f3 a doble cara mitjan\u00e7ant pistola d&#8217;aire.<\/p>\n<\/div>\n<h4>CARACTER\u00cdSTIQUES<\/h4>\n<p>Bona resist\u00e8ncia a la calor, que pot millorar-se per addici\u00f3 d&#8217;un catalitzador.<br \/>\nBona adhesi\u00f3 sobre la majoria de materials.<br \/>\nAplicable per pulveritzaci\u00f3.<br \/>\nTemps obert llarg.<\/p>\n","protected":false},"excerpt":{"rendered":"<p>ADHESIU DE CAUTX\u00da SINT\u00c8TIC DE BAIXA VISCOSITAT PER APLICACI\u00d3 A<\/p>\n","protected":false},"featured_media":3309,"comment_status":"open","ping_status":"closed","template":"","meta":{"_acf_changed":false},"product_cat":[1488,1521,1522,600,883,868,755,865,880],"product_tag":[],"acf":[],"_links":{"self":[{"href":"https:\/\/rayt.com\/ca\/wp-json\/wp\/v2\/product\/3439"}],"collection":[{"href":"https:\/\/rayt.com\/ca\/wp-json\/wp\/v2\/product"}],"about":[{"href":"https:\/\/rayt.com\/ca\/wp-json\/wp\/v2\/types\/product"}],"replies":[{"embeddable":true,"href":"https:\/\/rayt.com\/ca\/wp-json\/wp\/v2\/comments?post=3439"}],"wp:featuredmedia":[{"embeddable":true,"href":"https:\/\/rayt.com\/ca\/wp-json\/wp\/v2\/media\/3309"}],"wp:attachment":[{"href":"https:\/\/rayt.com\/ca\/wp-json\/wp\/v2\/media?parent=3439"}],"wp:term":[{"taxonomy":"product_cat","embeddable":true,"href":"https:\/\/rayt.com\/ca\/wp-json\/wp\/v2\/product_cat?post=3439"},{"taxonomy":"product_tag","embeddable":true,"href":"https:\/\/rayt.com\/ca\/wp-json\/wp\/v2\/product_tag?post=3439"}],"curies":[{"name":"wp","href":"https:\/\/api.w.org\/{rel}","templated":true}]}}