{"id":3449,"date":"2020-10-28T10:58:01","date_gmt":"2020-12-16T13:08:00","guid":{"rendered":"http:\/\/rayt.com\/?post_type=product&#038;p=3449"},"modified":"2021-02-18T08:24:37","modified_gmt":"2021-02-18T08:24:37","slug":"ma-113-container","status":"publish","type":"product","link":"https:\/\/rayt.com\/ca\/producto\/ma-113-container\/","title":{"rendered":"MA-113 CONTAINER"},"content":{"rendered":"<div id=\"description_block\">\n<div id=\"description_content\" class=\"rte align_justify\">\n<p>ADHESIU EN DISPERSI\u00d3 D&#8217;ACETAT DE POLIVINIL PER FUSTA.<\/p>\n<\/div>\n<div id=\"description_content\" class=\"rte align_justify\">\n<p>Adhesiu adequat per l&#8217;encolat de llistons que s\u00f3n posteriorment motllurats, at\u00e8s que les seves especials caracter\u00edstiques redueixen al m\u00ednim l&#8217;escantellat de les eines.<\/p>\n<\/div>\n<\/div>\n<h4>CARACTER\u00cdSTIQUES<\/h4>\n<p>Adequat per a fustes dures i\/o amb elevat contingut en tanins (sempre que s&#8217;eviti el contacte amb materials f\u00e8rrics).<br \/>\nAdhesiu d&#8217;alta versatilitat, adequat per a m\u00faltiples treballs.<br \/>\nEncolats d&#8217;elevada resist\u00e8ncia a la tracci\u00f3 i a la calor.<br \/>\nElevada rapidesa de fraguat.<\/p>\n","protected":false},"excerpt":{"rendered":"<p>ADHESIU EN DISPERSI\u00d3 D&#8217;ACETAT DE POLIVINIL PER FUSTA. Adhesiu adequat<\/p>\n","protected":false},"featured_media":2113,"comment_status":"open","ping_status":"closed","template":"","meta":{"_acf_changed":false},"product_cat":[811,897,892,1622,1620,1611,1591,1504,1499,1495,1491,1444,1651,879,898,874,600,886,883,868,755,907,817,880],"product_tag":[],"acf":[],"_links":{"self":[{"href":"https:\/\/rayt.com\/ca\/wp-json\/wp\/v2\/product\/3449"}],"collection":[{"href":"https:\/\/rayt.com\/ca\/wp-json\/wp\/v2\/product"}],"about":[{"href":"https:\/\/rayt.com\/ca\/wp-json\/wp\/v2\/types\/product"}],"replies":[{"embeddable":true,"href":"https:\/\/rayt.com\/ca\/wp-json\/wp\/v2\/comments?post=3449"}],"wp:featuredmedia":[{"embeddable":true,"href":"https:\/\/rayt.com\/ca\/wp-json\/wp\/v2\/media\/2113"}],"wp:attachment":[{"href":"https:\/\/rayt.com\/ca\/wp-json\/wp\/v2\/media?parent=3449"}],"wp:term":[{"taxonomy":"product_cat","embeddable":true,"href":"https:\/\/rayt.com\/ca\/wp-json\/wp\/v2\/product_cat?post=3449"},{"taxonomy":"product_tag","embeddable":true,"href":"https:\/\/rayt.com\/ca\/wp-json\/wp\/v2\/product_tag?post=3449"}],"curies":[{"name":"wp","href":"https:\/\/api.w.org\/{rel}","templated":true}]}}