{"id":3456,"date":"2020-11-05T11:32:30","date_gmt":"2020-12-17T08:12:12","guid":{"rendered":"http:\/\/rayt.com\/?post_type=product&#038;p=3456"},"modified":"2021-02-19T11:13:37","modified_gmt":"2021-02-19T11:13:37","slug":"g-183-co","status":"publish","type":"product","link":"https:\/\/rayt.com\/ca\/producto\/g-183-co\/","title":{"rendered":"G-183-CO"},"content":{"rendered":"<p>ADHESIU SINT\u00c8TIC EN DISPERSI\u00d3 AQUOSA PER CAIXES DE CARTR\u00d3 ONDULAT. MITJANA VISCOSITAT.<br \/>\nAdhesiu adequat per l&#8217;encolat de la costura lateral de caixes de cartr\u00f3 en m\u00e0quines autom\u00e0tiques amb aplicaci\u00f3 a disc o corr\u00f3.<\/p>\n<h4>CARACTER\u00cdSTIQUES<\/h4>\n<p>Costura lateral de caixes de cartr\u00f3.<br \/>\nAplicaci\u00f3 per disc o corr\u00f3.<br \/>\nTack elevat en humit.<br \/>\nCompleix amb FDA 175.105 per a contacte indirecte amb aliments.<\/p>\n","protected":false},"excerpt":{"rendered":"<p>ADHESIU SINT\u00c8TIC EN DISPERSI\u00d3 AQUOSA PER CAIXES DE CARTR\u00d3 ONDULAT.<\/p>\n","protected":false},"featured_media":3045,"comment_status":"open","ping_status":"closed","template":"","meta":{"_acf_changed":false},"product_cat":[1424,651,708,711,600],"product_tag":[],"acf":[],"_links":{"self":[{"href":"https:\/\/rayt.com\/ca\/wp-json\/wp\/v2\/product\/3456"}],"collection":[{"href":"https:\/\/rayt.com\/ca\/wp-json\/wp\/v2\/product"}],"about":[{"href":"https:\/\/rayt.com\/ca\/wp-json\/wp\/v2\/types\/product"}],"replies":[{"embeddable":true,"href":"https:\/\/rayt.com\/ca\/wp-json\/wp\/v2\/comments?post=3456"}],"wp:featuredmedia":[{"embeddable":true,"href":"https:\/\/rayt.com\/ca\/wp-json\/wp\/v2\/media\/3045"}],"wp:attachment":[{"href":"https:\/\/rayt.com\/ca\/wp-json\/wp\/v2\/media?parent=3456"}],"wp:term":[{"taxonomy":"product_cat","embeddable":true,"href":"https:\/\/rayt.com\/ca\/wp-json\/wp\/v2\/product_cat?post=3456"},{"taxonomy":"product_tag","embeddable":true,"href":"https:\/\/rayt.com\/ca\/wp-json\/wp\/v2\/product_tag?post=3456"}],"curies":[{"name":"wp","href":"https:\/\/api.w.org\/{rel}","templated":true}]}}