{"id":3462,"date":"2020-11-05T11:36:41","date_gmt":"2020-12-17T08:33:13","guid":{"rendered":"http:\/\/rayt.com\/?post_type=product&#038;p=3462"},"modified":"2021-02-19T11:15:02","modified_gmt":"2021-02-19T11:15:02","slug":"g-186-co-bv","status":"publish","type":"product","link":"https:\/\/rayt.com\/ca\/producto\/g-186-co-bv\/","title":{"rendered":"G-186-CO\/BV"},"content":{"rendered":"<p>ADHESIU SINT\u00c8TIC EN DISPERSI\u00d3 AQUOSA PER CAIXES DE CARTR\u00d3 ONDULAT. STANDARD, BAIXA VISCOSITAT.<br \/>\nAdhesiu molt adequat, per la seva baixa viscositat i r\u00e0pid enduriment, per a la costura longitudinal de caixes de cartr\u00f3 ondulat en m\u00e0quines d&#8217;alta velocitat que apliquin l&#8217;adhesiu per injecci\u00f3, incloent equips amb pistoles pneum\u00e0tiques o el\u00e8ctriques.<\/p>\n<h4>CARACTER\u00cdSTIQUES<\/h4>\n<p>Costura longitudinal en m\u00e0quines de mitjana-alta velocitat que apliquin l&#8217;adhesiu per injecci\u00f3.<br \/>\nExcel\u00b7lent comportament en injectors.<br \/>\nElevada rapidesa de fraguat.<br \/>\nExent de c\u00e0rregues.<br \/>\nCompleix amb FDA 175.105 per a contacte indirecte amb aliments.<\/p>\n","protected":false},"excerpt":{"rendered":"<p>ADHESIU SINT\u00c8TIC EN DISPERSI\u00d3 AQUOSA PER CAIXES DE CARTR\u00d3 ONDULAT.<\/p>\n","protected":false},"featured_media":3045,"comment_status":"open","ping_status":"closed","template":"","meta":{"_acf_changed":false},"product_cat":[1424,651,708,711,600],"product_tag":[],"acf":[],"_links":{"self":[{"href":"https:\/\/rayt.com\/ca\/wp-json\/wp\/v2\/product\/3462"}],"collection":[{"href":"https:\/\/rayt.com\/ca\/wp-json\/wp\/v2\/product"}],"about":[{"href":"https:\/\/rayt.com\/ca\/wp-json\/wp\/v2\/types\/product"}],"replies":[{"embeddable":true,"href":"https:\/\/rayt.com\/ca\/wp-json\/wp\/v2\/comments?post=3462"}],"wp:featuredmedia":[{"embeddable":true,"href":"https:\/\/rayt.com\/ca\/wp-json\/wp\/v2\/media\/3045"}],"wp:attachment":[{"href":"https:\/\/rayt.com\/ca\/wp-json\/wp\/v2\/media?parent=3462"}],"wp:term":[{"taxonomy":"product_cat","embeddable":true,"href":"https:\/\/rayt.com\/ca\/wp-json\/wp\/v2\/product_cat?post=3462"},{"taxonomy":"product_tag","embeddable":true,"href":"https:\/\/rayt.com\/ca\/wp-json\/wp\/v2\/product_tag?post=3462"}],"curies":[{"name":"wp","href":"https:\/\/api.w.org\/{rel}","templated":true}]}}