{"id":3468,"date":"2020-11-05T11:40:37","date_gmt":"2020-12-17T08:52:19","guid":{"rendered":"http:\/\/rayt.com\/?post_type=product&#038;p=3468"},"modified":"2021-02-19T11:22:44","modified_gmt":"2021-02-19T11:22:44","slug":"g-187-co-bv-r","status":"publish","type":"product","link":"https:\/\/rayt.com\/ca\/producto\/g-187-co-bv-r\/","title":{"rendered":"G-187-CO BV R"},"content":{"rendered":"<p>ADHESIU SINT\u00c8TIC EN DISPERSI\u00d3 AQUOSA PER CAIXES DE CARTR\u00d3 ONDULAT. ALTA QUALITAT, BAIXA VISCOSITAT, R\u00c0PID.<br \/>\nAdhesiu r\u00e0pid per l&#8217;encolat de la costura longitudinal de caixes de cartr\u00f3 ondulat en m\u00e0quines de velocitat mitja &#8211; alta que apliquin l&#8217;adhesiu per injecci\u00f3.<\/p>\n<h4>CARACTER\u00cdSTIQUES<\/h4>\n<p>Excel\u00b7lent comportament en injectors.<br \/>\nMolt elevada rapidesa de fraguat.<br \/>\nExent de c\u00e0rregues.<br \/>\nCompleix amb FDA 175.105 per a contacte indirecte amb aliments.<\/p>\n","protected":false},"excerpt":{"rendered":"<p>ADHESIU SINT\u00c8TIC EN DISPERSI\u00d3 AQUOSA PER CAIXES DE CARTR\u00d3 ONDULAT.<\/p>\n","protected":false},"featured_media":3045,"comment_status":"open","ping_status":"closed","template":"","meta":{"_acf_changed":false},"product_cat":[1424,651,708,711,600],"product_tag":[],"acf":[],"_links":{"self":[{"href":"https:\/\/rayt.com\/ca\/wp-json\/wp\/v2\/product\/3468"}],"collection":[{"href":"https:\/\/rayt.com\/ca\/wp-json\/wp\/v2\/product"}],"about":[{"href":"https:\/\/rayt.com\/ca\/wp-json\/wp\/v2\/types\/product"}],"replies":[{"embeddable":true,"href":"https:\/\/rayt.com\/ca\/wp-json\/wp\/v2\/comments?post=3468"}],"wp:featuredmedia":[{"embeddable":true,"href":"https:\/\/rayt.com\/ca\/wp-json\/wp\/v2\/media\/3045"}],"wp:attachment":[{"href":"https:\/\/rayt.com\/ca\/wp-json\/wp\/v2\/media?parent=3468"}],"wp:term":[{"taxonomy":"product_cat","embeddable":true,"href":"https:\/\/rayt.com\/ca\/wp-json\/wp\/v2\/product_cat?post=3468"},{"taxonomy":"product_tag","embeddable":true,"href":"https:\/\/rayt.com\/ca\/wp-json\/wp\/v2\/product_tag?post=3468"}],"curies":[{"name":"wp","href":"https:\/\/api.w.org\/{rel}","templated":true}]}}