{"id":3484,"date":"2020-11-05T11:48:14","date_gmt":"2020-12-17T09:53:12","guid":{"rendered":"http:\/\/rayt.com\/?post_type=product&#038;p=3484"},"modified":"2021-02-19T11:19:01","modified_gmt":"2021-02-19T11:19:01","slug":"g-187-co-mv","status":"publish","type":"product","link":"https:\/\/rayt.com\/ca\/producto\/g-187-co-mv\/","title":{"rendered":"G-187-CO\/MV"},"content":{"rendered":"<p>ADHESIU SINT\u00c8TIC EN DISPERSI\u00d3 AQUOSA PER CAIXES DE CARTR\u00d3 ONDULAT. ALTA QUALITAT, MITJANA VISCOSITAT.<br \/>\nAdhesiu adequat per l&#8217;encolat de la costura longitudinal de caixes de cartr\u00f3 ondulat en m\u00e0quines d&#8217;alta velocitat que apliquin l&#8217;adhesiu per injecci\u00f3.<\/p>\n<h4>CARACTER\u00cdSTIQUES<\/h4>\n<p>Costura longitudinal en m\u00e0quines d&#8217;alta velocitat que apliquin l&#8217;adhesiu per injecci\u00f3.<br \/>\nExcel\u00b7lent comportament en injectors.<br \/>\nElevada rapidesa de fraguat.<br \/>\nExent de c\u00e0rregues.<br \/>\nCompleix amb FDA 175.105 per a contacte indirecte amb aliments.<\/p>\n","protected":false},"excerpt":{"rendered":"<p>ADHESIU SINT\u00c8TIC EN DISPERSI\u00d3 AQUOSA PER CAIXES DE CARTR\u00d3 ONDULAT.<\/p>\n","protected":false},"featured_media":3045,"comment_status":"open","ping_status":"closed","template":"","meta":{"_acf_changed":false},"product_cat":[597,1330,1424,651,708,621,711,600,618],"product_tag":[],"acf":[],"_links":{"self":[{"href":"https:\/\/rayt.com\/ca\/wp-json\/wp\/v2\/product\/3484"}],"collection":[{"href":"https:\/\/rayt.com\/ca\/wp-json\/wp\/v2\/product"}],"about":[{"href":"https:\/\/rayt.com\/ca\/wp-json\/wp\/v2\/types\/product"}],"replies":[{"embeddable":true,"href":"https:\/\/rayt.com\/ca\/wp-json\/wp\/v2\/comments?post=3484"}],"wp:featuredmedia":[{"embeddable":true,"href":"https:\/\/rayt.com\/ca\/wp-json\/wp\/v2\/media\/3045"}],"wp:attachment":[{"href":"https:\/\/rayt.com\/ca\/wp-json\/wp\/v2\/media?parent=3484"}],"wp:term":[{"taxonomy":"product_cat","embeddable":true,"href":"https:\/\/rayt.com\/ca\/wp-json\/wp\/v2\/product_cat?post=3484"},{"taxonomy":"product_tag","embeddable":true,"href":"https:\/\/rayt.com\/ca\/wp-json\/wp\/v2\/product_tag?post=3484"}],"curies":[{"name":"wp","href":"https:\/\/api.w.org\/{rel}","templated":true}]}}