{"id":3488,"date":"2020-11-05T11:50:23","date_gmt":"2020-12-17T10:06:51","guid":{"rendered":"http:\/\/rayt.com\/?post_type=product&#038;p=3488"},"modified":"2021-02-19T11:24:44","modified_gmt":"2021-02-19T11:24:44","slug":"g-189-co","status":"publish","type":"product","link":"https:\/\/rayt.com\/ca\/producto\/g-189-co\/","title":{"rendered":"G-189-CO"},"content":{"rendered":"<p>ADHESIU SINT\u00c8TIC EN DISPERSI\u00d3 AQUOSA PER CAIXES DE CARTR\u00d3 ONDULAT. MOLT R\u00c0PID.<br \/>\nAdhesiu adequat per l&#8217;encolat de la costura longitudinal en caixes de cartr\u00f3 en m\u00e0quines d&#8217;alta velocitat prove\u00efdes d&#8217;aplicadors per injecci\u00f3 en qu\u00e8 es necessiti un enduriment molt r\u00e0pid.<\/p>\n<h4>CARACTER\u00cdSTIQUES<\/h4>\n<p>Costura longitudinal de caixes grans o amb tensi\u00f3 en m\u00e0quines d&#8217;alta velocitat que apliquen l&#8217;adhesiu per injecci\u00f3.<br \/>\nElevada rapidesa d&#8217;enduriment i excel\u00b7lent tack en humit.<br \/>\nExcel\u00b7lent comportament en injectors.<br \/>\nExent de c\u00e0rregues.<br \/>\nCompleix amb FDA 175.105 per a contacte indirecte amb aliments.<\/p>\n","protected":false},"excerpt":{"rendered":"<p>ADHESIU SINT\u00c8TIC EN DISPERSI\u00d3 AQUOSA PER CAIXES DE CARTR\u00d3 ONDULAT.<\/p>\n","protected":false},"featured_media":3045,"comment_status":"open","ping_status":"closed","template":"","meta":{"_acf_changed":false},"product_cat":[1424,651,708,711,600],"product_tag":[],"acf":[],"_links":{"self":[{"href":"https:\/\/rayt.com\/ca\/wp-json\/wp\/v2\/product\/3488"}],"collection":[{"href":"https:\/\/rayt.com\/ca\/wp-json\/wp\/v2\/product"}],"about":[{"href":"https:\/\/rayt.com\/ca\/wp-json\/wp\/v2\/types\/product"}],"replies":[{"embeddable":true,"href":"https:\/\/rayt.com\/ca\/wp-json\/wp\/v2\/comments?post=3488"}],"wp:featuredmedia":[{"embeddable":true,"href":"https:\/\/rayt.com\/ca\/wp-json\/wp\/v2\/media\/3045"}],"wp:attachment":[{"href":"https:\/\/rayt.com\/ca\/wp-json\/wp\/v2\/media?parent=3488"}],"wp:term":[{"taxonomy":"product_cat","embeddable":true,"href":"https:\/\/rayt.com\/ca\/wp-json\/wp\/v2\/product_cat?post=3488"},{"taxonomy":"product_tag","embeddable":true,"href":"https:\/\/rayt.com\/ca\/wp-json\/wp\/v2\/product_tag?post=3488"}],"curies":[{"name":"wp","href":"https:\/\/api.w.org\/{rel}","templated":true}]}}