{"id":3499,"date":"2020-11-05T10:45:38","date_gmt":"2020-12-17T10:38:33","guid":{"rendered":"http:\/\/rayt.com\/?post_type=product&#038;p=3499"},"modified":"2021-02-18T11:44:21","modified_gmt":"2021-02-18T11:44:21","slug":"g-105-fn","status":"publish","type":"product","link":"https:\/\/rayt.com\/ca\/producto\/g-105-fn\/","title":{"rendered":"G-105-FN"},"content":{"rendered":"<p>ADHESIU SINT\u00c8TIC EN DISPERSI\u00d3 AQUOSA PER LAMINACI\u00d3 EN PLA. SENSE ONDULACIONS.<br \/>\nAdhesiu molt adequat per al contraencolat de cartr\u00f3, cartronet i microcanal en m\u00e0quines autom\u00e0tiques evitant la formaci\u00f3 de ondulacions.<\/p>\n<h4>CARACTER\u00cdSTIQUES<\/h4>\n<p>Velocitat de fraguat lenta.<br \/>\nNul\u00b7la formaci\u00f3 de fils.<br \/>\nCompleix amb FDA 175.105 per a contacte indirecte amb aliments.<\/p>\n","protected":false},"excerpt":{"rendered":"<p>ADHESIU SINT\u00c8TIC EN DISPERSI\u00d3 AQUOSA PER LAMINACI\u00d3 EN PLA. SENSE<\/p>\n","protected":false},"featured_media":3045,"comment_status":"open","ping_status":"closed","template":"","meta":{"_acf_changed":false},"product_cat":[1393,1657,690,651,600,696,699],"product_tag":[],"acf":[],"_links":{"self":[{"href":"https:\/\/rayt.com\/ca\/wp-json\/wp\/v2\/product\/3499"}],"collection":[{"href":"https:\/\/rayt.com\/ca\/wp-json\/wp\/v2\/product"}],"about":[{"href":"https:\/\/rayt.com\/ca\/wp-json\/wp\/v2\/types\/product"}],"replies":[{"embeddable":true,"href":"https:\/\/rayt.com\/ca\/wp-json\/wp\/v2\/comments?post=3499"}],"wp:featuredmedia":[{"embeddable":true,"href":"https:\/\/rayt.com\/ca\/wp-json\/wp\/v2\/media\/3045"}],"wp:attachment":[{"href":"https:\/\/rayt.com\/ca\/wp-json\/wp\/v2\/media?parent=3499"}],"wp:term":[{"taxonomy":"product_cat","embeddable":true,"href":"https:\/\/rayt.com\/ca\/wp-json\/wp\/v2\/product_cat?post=3499"},{"taxonomy":"product_tag","embeddable":true,"href":"https:\/\/rayt.com\/ca\/wp-json\/wp\/v2\/product_tag?post=3499"}],"curies":[{"name":"wp","href":"https:\/\/api.w.org\/{rel}","templated":true}]}}