{"id":3511,"date":"2020-11-02T09:41:38","date_gmt":"2020-12-17T11:26:35","guid":{"rendered":"http:\/\/rayt.com\/?post_type=product&#038;p=3511"},"modified":"2021-02-18T08:15:25","modified_gmt":"2021-02-18T08:15:25","slug":"formopol-202","status":"publish","type":"product","link":"https:\/\/rayt.com\/ca\/producto\/formopol-202\/","title":{"rendered":"FORMOPOL 202"},"content":{"rendered":"<div id=\"description_block\">\n<div id=\"description_content\" class=\"rte align_justify\">\n<p>ADHESIU D&#8217;UREA FORMOL EN POLS PER FUSTA. STANDARD.<\/p>\n<\/div>\n<div id=\"description_content\" class=\"rte align_justify\">\n<p>Adhesiu en pols llest a l&#8217;\u00fas, per a tot tipus d&#8217;aplicacions en el moble i la fusta (xapats, assemblatje, corbats per alta freq\u00fc\u00e8ncia &#8230;)<\/p>\n<\/div>\n<\/div>\n<h4>CARACTER\u00cdSTIQUES<\/h4>\n<p>Pot utilitzar-se en premsa freda, per\u00f2 s&#8217;obtenen millors resultats en premsa calenta.<br \/>\nEs dissol en aigua, 100 parts de producte + 50-60 parts d&#8217;aigua.<br \/>\nUrea-formol en pols, preparada.<br \/>\nBona qualitat d&#8217;encolat final.<\/p>\n","protected":false},"excerpt":{"rendered":"<p>ADHESIU D&#8217;UREA FORMOL EN POLS PER FUSTA. STANDARD. Adhesiu en<\/p>\n","protected":false},"featured_media":3512,"comment_status":"open","ping_status":"closed","template":"","meta":{"_acf_changed":false},"product_cat":[1477,1485,1636,879,898,600,883,755,907,880],"product_tag":[],"acf":[],"_links":{"self":[{"href":"https:\/\/rayt.com\/ca\/wp-json\/wp\/v2\/product\/3511"}],"collection":[{"href":"https:\/\/rayt.com\/ca\/wp-json\/wp\/v2\/product"}],"about":[{"href":"https:\/\/rayt.com\/ca\/wp-json\/wp\/v2\/types\/product"}],"replies":[{"embeddable":true,"href":"https:\/\/rayt.com\/ca\/wp-json\/wp\/v2\/comments?post=3511"}],"wp:featuredmedia":[{"embeddable":true,"href":"https:\/\/rayt.com\/ca\/wp-json\/wp\/v2\/media\/3512"}],"wp:attachment":[{"href":"https:\/\/rayt.com\/ca\/wp-json\/wp\/v2\/media?parent=3511"}],"wp:term":[{"taxonomy":"product_cat","embeddable":true,"href":"https:\/\/rayt.com\/ca\/wp-json\/wp\/v2\/product_cat?post=3511"},{"taxonomy":"product_tag","embeddable":true,"href":"https:\/\/rayt.com\/ca\/wp-json\/wp\/v2\/product_tag?post=3511"}],"curies":[{"name":"wp","href":"https:\/\/api.w.org\/{rel}","templated":true}]}}